{"id":1029,"date":"2020-04-23T14:33:08","date_gmt":"2020-04-23T17:33:08","guid":{"rendered":"https:\/\/isfd144-bue.infd.edu.ar\/sitio\/?page_id=1029"},"modified":"2025-03-13T00:50:00","modified_gmt":"2025-03-13T03:50:00","slug":"certificados","status":"publish","type":"page","link":"https:\/\/isfd144-bue.infd.edu.ar\/sitio\/certificados\/","title":{"rendered":"CERTIFICADOS y CONSTANCIAS"},"content":{"rendered":"<h4><strong>CONSTANCIA DE ALUMNO REGULAR<\/strong><\/h4>\n<pre>Para solicitar la constancia de alumno regular, completar el siguiente formulario: <a href=\"https:\/\/docs.google.com\/forms\/d\/e\/1FAIpQLSc4Kb-wOijWilqw61wvJnmRTODGUQdtQheVD9g503Iqd__V0g\/viewform\" target=\"_blank\" rel=\"noopener\">Click aqu\u00ed<\/a><\/pre>\n<h4><strong>PORCENTAJE DE MATERIAS APROBADAS:<\/strong><\/h4>\n<pre>Para solicitar el porcentaje de materias aprobadas, completar el siguiente formulario:\u00a0<a href=\"https:\/\/docs.google.com\/forms\/d\/e\/1FAIpQLSc-9m0ee08MGIK0ZgVtHqxvfonjnn02GtqIarQC0QFm8_cm4w\/viewform\" target=\"_blank\" rel=\"noopener\">Click aqu\u00ed<\/a><\/pre>\n<h4><strong>CERTIFICADO ANAL\u00cdTICO PARCIAL O COMPLETO:<\/strong><\/h4>\n<pre>Para solicitar el certificado anal\u00edtico parcial o completo, enviar correo electr\u00f3nico a: pr144tl@gmail.com \n\n<strong>Asunto del correo:<\/strong> Solicitud Certificado Anal\u00edtico - Apellido, Nombre y Carrera.<\/pre>\n<h4><strong>CONSTANCIA DE T\u00cdTULO EN TR\u00c1MITE:<\/strong><\/h4>\n<pre>Para solicitar constancia de t\u00edtulo en tr\u00e1mite, enviar correo electr\u00f3nico a: pr144tl@gmail.com\n\n<strong>Asunto del correo:<\/strong> Solicitud Constancia T\u00edtulo en Tr\u00e1mite - Apellido, Nombre y Carrera.\n\n<strong>Documentaci\u00f3n a Adjuntar:<\/strong> Copia de DNI de ambos lados y Partida de Nacimiento.<\/pre>\n<h4><strong>CONSTANCIA DE ASISTENCIA A EXAMEN:<\/strong><\/h4>\n<pre>Debe presentar el certificado el d\u00eda del examen para que lo firme el docente.\n\nCertificado de examen: <a href=\"https:\/\/isfd144-bue.infd.edu.ar\/sitio\/wp-content\/uploads\/2024\/07\/A8-Asist-Examen.pdf\">Click aqu\u00ed<\/a><\/pre>\n<h4><strong>CONSTANCIA DE OBSERVACIONES Y PR\u00c1CTICAS:<\/strong><\/h4>\n<pre>Presentar el certificado en las pr\u00e1cticas\/observaciones, hacer firmar por el docente y luego dejar en preceptor\u00eda para hacer firmar por el directivo:\n\nCertificado de observaciones y pr\u00e1cticas: <a href=\"https:\/\/isfd144-bue.infd.edu.ar\/sitio\/wp-content\/uploads\/2022\/06\/A11.pdf\">Click aqu\u00ed<\/a><\/pre>\n<p>Por cualquier consulta administrativa enviar mail a: pr144tl@gmail.com<\/p>\n","protected":false},"excerpt":{"rendered":"<p>CONSTANCIA DE ALUMNO REGULAR Para solicitar la constancia de alumno regular, completar el siguiente formulario: Click aqu\u00ed PORCENTAJE DE MATERIAS APROBADAS: Para solicitar el porcentaje de materias aprobadas, completar el siguiente formulario:\u00a0Click aqu\u00ed CERTIFICADO ANAL\u00cdTICO PARCIAL O COMPLETO: Para solicitar el certificado anal\u00edtico parcial o completo, enviar correo electr\u00f3nico a: pr144tl@gmail.com Asunto del correo: Solicitud &#8230; <a title=\"CERTIFICADOS y CONSTANCIAS\" class=\"read-more\" href=\"https:\/\/isfd144-bue.infd.edu.ar\/sitio\/certificados\/\" aria-label=\"More on CERTIFICADOS y CONSTANCIAS\">[+]<\/a><\/p>\n","protected":false},"author":265,"featured_media":0,"parent":0,"menu_order":0,"comment_status":"closed","ping_status":"closed","template":"","meta":[],"acf":[],"_links":{"self":[{"href":"https:\/\/isfd144-bue.infd.edu.ar\/sitio\/wp-json\/wp\/v2\/pages\/1029"}],"collection":[{"href":"https:\/\/isfd144-bue.infd.edu.ar\/sitio\/wp-json\/wp\/v2\/pages"}],"about":[{"href":"https:\/\/isfd144-bue.infd.edu.ar\/sitio\/wp-json\/wp\/v2\/types\/page"}],"author":[{"embeddable":true,"href":"https:\/\/isfd144-bue.infd.edu.ar\/sitio\/wp-json\/wp\/v2\/users\/265"}],"replies":[{"embeddable":true,"href":"https:\/\/isfd144-bue.infd.edu.ar\/sitio\/wp-json\/wp\/v2\/comments?post=1029"}],"version-history":[{"count":17,"href":"https:\/\/isfd144-bue.infd.edu.ar\/sitio\/wp-json\/wp\/v2\/pages\/1029\/revisions"}],"predecessor-version":[{"id":2307,"href":"https:\/\/isfd144-bue.infd.edu.ar\/sitio\/wp-json\/wp\/v2\/pages\/1029\/revisions\/2307"}],"wp:attachment":[{"href":"https:\/\/isfd144-bue.infd.edu.ar\/sitio\/wp-json\/wp\/v2\/media?parent=1029"}],"curies":[{"name":"wp","href":"https:\/\/api.w.org\/{rel}","templated":true}]}}