{"id":1245,"date":"2021-04-29T19:00:46","date_gmt":"2021-04-29T22:00:46","guid":{"rendered":"https:\/\/isfd144-bue.infd.edu.ar\/sitio\/?page_id=1245"},"modified":"2025-04-21T22:17:37","modified_gmt":"2025-04-22T01:17:37","slug":"mesa-especial","status":"publish","type":"page","link":"https:\/\/isfd144-bue.infd.edu.ar\/sitio\/mesa-especial\/","title":{"rendered":"MESA ESPECIAL"},"content":{"rendered":"<h4>MESA EXAMINADORA EXTRAORDINARIA ABRIL 2025<\/h4>\n<p>Por <strong>excepci\u00f3n, y \u00fanica vez<\/strong>, en el ciclo lectivo 2025 <strong>TODOS<\/strong> los estudiantes <strong>podr\u00e1n solicitar mesas especiales<\/strong> para regularizar cursadas y correlatividades, as\u00ed como tambi\u00e9n para finalizar carrera.<\/p>\n<p>Durante este per\u00edodo podr\u00e1n iniciar CONDICIONALMENTE\u00a0 las cursadas de los espacios de los a\u00f1os superiores hasta tanto se apruebe el examen final del espacio correlativo.<\/p>\n<p>A partir del mes de mayo, las mesas especiales de <strong>Abril y Septiembre<\/strong>, ser\u00e1n \u00fanicamente para los estudiantes que tengan <strong>\u00faltima materia a rendir.<\/strong><\/p>\n<p><strong>IMPORTANTE LEER \u00a0\u00danicamente para llamado de Abril<\/strong><\/p>\n<p>Se informa a todos los estudiantes:<\/p>\n<p><strong><u>Fecha de inscripci\u00f3n<\/u><\/strong>: hasta lunes 14-04-2025, 18:00 horas (luego se cierra el formulario de inscripci\u00f3n). La inscripci\u00f3n se realizar\u00e1 sin fecha de examen establecida previamente.<\/p>\n<p><strong><u>Mesas examinadoras:\u00a0<\/u><\/strong><\/p>\n<ul>\n<li>Finalizada la inscripci\u00f3n, se acordar\u00e1 con los docentes el cronograma de mesas<\/li>\n<li>Se informar\u00e1 en la p\u00e1gina institucional a partir del 21-04-2025<\/li>\n<li>Recuerden REVISAR la p\u00e1gina para informarse del d\u00eda y hora de la mesa examinadora en la cual se inscribieron<\/li>\n<li>Las Comisiones Evaluadoras se desarrollar\u00e1n del 28-04 al 16-05-2025<\/li>\n<\/ul>\n<p><strong><u>Cronograma Mesas examinadoras<\/u><\/strong><\/p>\n<ul>\n<li>Cronograma Mesas \u2013 Profesorado de Educaci\u00f3n F\u00edsica\u00a0<a href=\"https:\/\/isfd144-bue.infd.edu.ar\/sitio\/wp-content\/uploads\/2025\/04\/Mesas-Excepcionales_PEF_2025.pdf\" target=\"_blank\" rel=\"noopener\">Clic aqu\u00ed<\/a><\/li>\n<li>Cronograma Mesas \u2013 Profesorado de Educaci\u00f3n Inicial\u00a0<a href=\"https:\/\/isfd144-bue.infd.edu.ar\/sitio\/wp-content\/uploads\/2025\/04\/Mesas-Excepcionales_INICIAL_2025.pdf\" target=\"_blank\" rel=\"noopener\">Clic aqu\u00ed<\/a><\/li>\n<li>Cronograma Mesas \u2013 Profesorado de Ingl\u00e9s\u00a0<a href=\"https:\/\/isfd144-bue.infd.edu.ar\/sitio\/wp-content\/uploads\/2025\/04\/Mesas-Excepcionales_INGLES_2025.pdf\" target=\"_blank\" rel=\"noopener\">Clic aqu\u00ed<\/a><\/li>\n<li>Cronograma Mesas \u2013 Tecn. Sup en Bibliotecolog\u00eda de Instituciones Educativas <a href=\"https:\/\/isfd144-bue.infd.edu.ar\/sitio\/wp-content\/uploads\/2025\/04\/Mesas-Excepcionales_BIE_2025.pdf\" target=\"_blank\" rel=\"noopener\">Clic aqu\u00ed<\/a><\/li>\n<li>Cronograma Mesas \u2013 Tecn. Sup en Turismo <a href=\"https:\/\/isfd144-bue.infd.edu.ar\/sitio\/wp-content\/uploads\/2025\/04\/Mesas-Excepcionales_TURISMO_2025.pdf\" target=\"_blank\" rel=\"noopener\">Clic aqu\u00ed<\/a><\/li>\n<li>Cronograma Mesas \u2013 Tecn. Sup en Adm de RRHH <a href=\"https:\/\/isfd144-bue.infd.edu.ar\/sitio\/wp-content\/uploads\/2025\/04\/Mesas-Excepcionales_RRHH_2025.pdf\" target=\"_blank\" rel=\"noopener\">Clic aqu\u00ed<\/a><\/li>\n<\/ul>\n<p><strong><u>Para completar FORMULARIO DE INSCRIPCI\u00d3N<\/u><\/strong><\/p>\n<p>Recuerden completar correctamente sus datos personales.<\/p>\n<p><u>\u00a0<strong>Modalidades de examen<\/strong>:<\/u><\/p>\n<ul>\n<li><strong>Estudiantes Libres<\/strong>: Dos instancias de ex\u00e1menes en el mismo d\u00eda. Una escrita y aprobando \u00e9sta pasa a instancia oral.<\/li>\n<li><strong style=\"font-size: revert;\">Estudiante Regulares:<\/strong><span style=\"font-size: revert;\"> que necesiten acreditar uno o m\u00e1s espacios curriculares por correlatividad y se encuentren cursando CONDICIONALMENTE: Un\u00a0examen\u00a0oral con devoluci\u00f3n (calificaci\u00f3n) en el d\u00eda.<\/span><\/li>\n<li><strong style=\"font-size: revert;\">Estudiante que se recibe con \u00faltima materia<\/strong><span style=\"font-size: revert;\">: Un examen oral con devoluci\u00f3n (calificaci\u00f3n) en el d\u00eda.<\/span><\/li>\n<li><strong style=\"font-size: revert;\">Estudiantes Regulares<\/strong><span style=\"font-size: revert;\">: De acuerdo a la cantidad de inscriptos el examen podr\u00eda ser escrito con devoluci\u00f3n en la semana siguiente.<\/span><\/li>\n<\/ul>\n<h5><strong>Link Formulario de Inscripci\u00f3n &#8211; el d\u00eda 14-04-2025 finaliz\u00f3 la inscripci\u00f3n<\/strong><\/h5>\n<ul>\n<li>Profesorado de Educaci\u00f3n F\u00edsica\u00a0<a href=\"https:\/\/forms.gle\/WQit9XHin92pJv376\" target=\"_blank\" rel=\"noopener\">Clic aqu\u00ed<\/a><\/li>\n<li>Profesorado de Educaci\u00f3n Inicial\u00a0<a style=\"font-size: revert;\" href=\"https:\/\/forms.gle\/zwnxGKotQwLfVicZ9\" target=\"_blank\" rel=\"noopener\">Clic aqu\u00ed<\/a><\/li>\n<li>Profesorado de Ingl\u00e9s\u00a0<a style=\"font-size: revert;\" href=\"https:\/\/forms.gle\/Rqfs9uMocFjfLAnF8\" target=\"_blank\" rel=\"noopener\">Clic aqu\u00ed<\/a><\/li>\n<li>Tecn. Sup en Bibliotecolog\u00eda de Instituciones Educativas\u00a0<a style=\"font-size: revert;\" href=\"https:\/\/forms.gle\/ycjNoFZnNKyokGzB9\" target=\"_blank\" rel=\"noopener\">Clic aqu\u00ed<\/a><\/li>\n<li>Tecn. Sup en Adm de Recursos Humanos\u00a0<a style=\"font-size: revert;\" href=\"https:\/\/forms.gle\/jFG5pY9goMZm4AwZ8\" target=\"_blank\" rel=\"noopener\">Clic aqu\u00ed<\/a><\/li>\n<li>Tecn. Sup en Turismo\u00a0<a style=\"font-size: revert;\" href=\"https:\/\/forms.gle\/JCFq2FhUMLsTdTZj7\" target=\"_blank\" rel=\"noopener\">Clic aqu\u00ed<\/a><\/li>\n<\/ul>\n","protected":false},"excerpt":{"rendered":"<p>MESA EXAMINADORA EXTRAORDINARIA ABRIL 2025 Por excepci\u00f3n, y \u00fanica vez, en el ciclo lectivo 2025 TODOS los estudiantes podr\u00e1n solicitar mesas especiales para regularizar cursadas y correlatividades, as\u00ed como tambi\u00e9n para finalizar carrera. Durante este per\u00edodo podr\u00e1n iniciar CONDICIONALMENTE\u00a0 las cursadas de los espacios de los a\u00f1os superiores hasta tanto se apruebe el examen final &#8230; <a title=\"MESA ESPECIAL\" class=\"read-more\" href=\"https:\/\/isfd144-bue.infd.edu.ar\/sitio\/mesa-especial\/\" aria-label=\"More on MESA ESPECIAL\">[+]<\/a><\/p>\n","protected":false},"author":265,"featured_media":0,"parent":0,"menu_order":0,"comment_status":"closed","ping_status":"closed","template":"","meta":[],"acf":[],"_links":{"self":[{"href":"https:\/\/isfd144-bue.infd.edu.ar\/sitio\/wp-json\/wp\/v2\/pages\/1245"}],"collection":[{"href":"https:\/\/isfd144-bue.infd.edu.ar\/sitio\/wp-json\/wp\/v2\/pages"}],"about":[{"href":"https:\/\/isfd144-bue.infd.edu.ar\/sitio\/wp-json\/wp\/v2\/types\/page"}],"author":[{"embeddable":true,"href":"https:\/\/isfd144-bue.infd.edu.ar\/sitio\/wp-json\/wp\/v2\/users\/265"}],"replies":[{"embeddable":true,"href":"https:\/\/isfd144-bue.infd.edu.ar\/sitio\/wp-json\/wp\/v2\/comments?post=1245"}],"version-history":[{"count":6,"href":"https:\/\/isfd144-bue.infd.edu.ar\/sitio\/wp-json\/wp\/v2\/pages\/1245\/revisions"}],"predecessor-version":[{"id":2437,"href":"https:\/\/isfd144-bue.infd.edu.ar\/sitio\/wp-json\/wp\/v2\/pages\/1245\/revisions\/2437"}],"wp:attachment":[{"href":"https:\/\/isfd144-bue.infd.edu.ar\/sitio\/wp-json\/wp\/v2\/media?parent=1245"}],"curies":[{"name":"wp","href":"https:\/\/api.w.org\/{rel}","templated":true}]}}