{"id":1300,"date":"2021-05-06T21:12:12","date_gmt":"2021-05-07T00:12:12","guid":{"rendered":"https:\/\/isfd144-bue.infd.edu.ar\/sitio\/?page_id=1300"},"modified":"2025-12-01T20:19:42","modified_gmt":"2025-12-01T23:19:42","slug":"formularios","status":"publish","type":"page","link":"https:\/\/isfd144-bue.infd.edu.ar\/sitio\/formularios\/","title":{"rendered":"FORMULARIOS INGRESANTES"},"content":{"rendered":"<h4>TRAMO DE FORMACI\u00d3N PEDAG\u00d3GICA 2026 (Segundo Cuatrimestre)<\/h4>\n<ul>\n<li>FICHA DE INSCRIPCION:&nbsp;<a href=\"https:\/\/isfd144-bue.infd.edu.ar\/sitio\/wp-content\/uploads\/2023\/12\/Formacion-Docente-inicial-Tecnica-y-Artistica-Planilla-de-inscripcion-Educacion-Superior_1.pdf\" target=\"_blank\" rel=\"noopener\">Click aqu\u00ed<\/a><\/li>\n<\/ul>\n<h4>PROFESORADO DE EDUCACI\u00d3N F\u00cdSICA<\/h4>\n<ul>\n<li>FICHA DE INSCRIPCI\u00d3N: <a href=\"https:\/\/isfd144-bue.infd.edu.ar\/sitio\/wp-content\/uploads\/2023\/12\/Formacion-Docente-inicial-Tecnica-y-Artistica-Planilla-de-inscripcion-Educacion-Superior_1.pdf\" target=\"_blank\" rel=\"noopener\">Click aqu\u00ed<\/a>&nbsp;<\/li>\n<li>FICHA M\u00c9DICA (presentar junto con la documentaci\u00f3n en formato papel al momento de la inscripci\u00f3n, <strong>sin excepci\u00f3n<\/strong>): <a href=\"https:\/\/isfd144-bue.infd.edu.ar\/sitio\/wp-content\/uploads\/2021\/05\/Ficha-m\u00e9dica-ISFD-144.pdf\" target=\"_blank\" rel=\"noopener\">Click aqu\u00ed<\/a><\/li>\n<li>FICHA FONI\u00c1TRICA: <a href=\"https:\/\/isfd144-bue.infd.edu.ar\/sitio\/wp-content\/uploads\/2020\/10\/Ficha-foni\u00e1trica-ISFD-144.pdf\" target=\"_blank\" rel=\"noopener\">Click aqu\u00ed<\/a><\/li>\n<\/ul>\n<h4>PROFESORADO DE EDUCACI\u00d3N INICIAL<\/h4>\n<p><\/p>\n\n\n<\/p>\n<ul>\n\n<li>FICHA DE INSCRIPCI\u00d3N: <a href=\"https:\/\/isfd144-bue.infd.edu.ar\/sitio\/wp-content\/uploads\/2023\/12\/Formacion-Docente-inicial-Tecnica-y-Artistica-Planilla-de-inscripcion-Educacion-Superior_1.pdf\" target=\"_blank\" rel=\"noreferrer noopener\">Click aqu\u00ed<\/a>\u00a0<\/li>\n\n \n\n<li>CERTIFICADO PSICO-F\u00cdSICO<\/li>\n\n \n<li>FICHA FONI\u00c1TRICA: <a href=\"https:\/\/isfd144-bue.infd.edu.ar\/sitio\/wp-content\/uploads\/2020\/10\/Ficha-foni\u00e1trica-ISFD-144.pdf\" target=\"_blank\" rel=\"noreferrer noopener\">Click aqu\u00ed<\/a><\/li>\n<\/ul>\n<h4>PROFESORADO DE INGL\u00c9S<\/h4>\n\n<ul>\n<li>FICHA DE INSCRIPCI\u00d3N: <a href=\"https:\/\/isfd144-bue.infd.edu.ar\/sitio\/wp-content\/uploads\/2023\/12\/Formacion-Docente-inicial-Tecnica-y-Artistica-Planilla-de-inscripcion-Educacion-Superior_1.pdf\" target=\"_blank\" rel=\"noreferrer noopener\">Click aqu\u00ed<\/a>&nbsp;<\/li>\n\n\n<li>CERTIFICADO PSICO-F\u00cdSICO <\/li>\n\n\n<li>FICHA FONI\u00c1TRICA: <a rel=\"noreferrer noopener\" href=\"https:\/\/isfd144-bue.infd.edu.ar\/sitio\/wp-content\/uploads\/2020\/10\/Ficha-foni\u00e1trica-ISFD-144.pdf\" target=\"_blank\">Click aqu\u00ed<\/a><\/li>\n<\/ul>\n\n\n<h4 class=\"wp-block-heading\">TECNICATURA SUPERIOR EN TURISMO <\/h4>\n\n\n<ul>\n<li>FICHA DE INSCRIPCI\u00d3N: <a rel=\"noreferrer noopener\" href=\"https:\/\/isfd144-bue.infd.edu.ar\/sitio\/wp-content\/uploads\/2023\/12\/Formacion-Docente-inicial-Tecnica-y-Artistica-Planilla-de-inscripcion-Educacion-Superior_1.pdf\" target=\"_blank\">Click aqu\u00ed<\/a>&nbsp;<\/li>\n\n\n<li>CERTIFICADO PSICO-F\u00cdSICO <\/li>\n<\/ul>\n\n\n<h4 class=\"wp-block-heading\">TECNICATURA SUPERIOR EN ADMINISTRACI\u00d3N DE RECURSOS HUMANOS <\/h4>\n\n\n<ul>\n<li>FICHA DE INSCRIPCI\u00d3N: <a rel=\"noreferrer noopener\" href=\"https:\/\/isfd144-bue.infd.edu.ar\/sitio\/wp-content\/uploads\/2023\/12\/Formacion-Docente-inicial-Tecnica-y-Artistica-Planilla-de-inscripcion-Educacion-Superior_1.pdf\" target=\"_blank\">Click aqu\u00ed<\/a>&nbsp;<\/li>\n\n\n<li>CERTIFICADO PSICO-F\u00cdSICO <\/li>\n<\/ul>\n\n\n<h4 class=\"wp-block-heading\">TECNICATURA SUPERIOR EN BIBLIOTECOLOG\u00cdA DE INSTITUCIONES EDUCATIVAS <\/h4>\n\n\n<ul>\n<li>FICHA DE INSCRIPCI\u00d3N: <a rel=\"noreferrer noopener\" href=\"https:\/\/isfd144-bue.infd.edu.ar\/sitio\/wp-content\/uploads\/2023\/12\/Formacion-Docente-inicial-Tecnica-y-Artistica-Planilla-de-inscripcion-Educacion-Superior_1.pdf\" target=\"_blank\">Click aqu\u00ed<\/a>&nbsp;<\/li>\n\n\n<li>CERTIFICADO PSICO-F\u00cdSICO <\/li>\n<\/ul>\n\n","protected":false},"excerpt":{"rendered":"<p>TRAMO DE FORMACI\u00d3N PEDAG\u00d3GICA 2026 (Segundo Cuatrimestre) FICHA DE INSCRIPCION:&nbsp;Click aqu\u00ed PROFESORADO DE EDUCACI\u00d3N F\u00cdSICA FICHA DE INSCRIPCI\u00d3N: Click aqu\u00ed&nbsp; FICHA M\u00c9DICA (presentar junto con la documentaci\u00f3n en formato papel al momento de la inscripci\u00f3n, sin excepci\u00f3n): Click aqu\u00ed FICHA FONI\u00c1TRICA: Click aqu\u00ed PROFESORADO DE EDUCACI\u00d3N INICIAL<\/p>\n","protected":false},"author":265,"featured_media":0,"parent":0,"menu_order":0,"comment_status":"closed","ping_status":"closed","template":"","meta":[],"acf":[],"_links":{"self":[{"href":"https:\/\/isfd144-bue.infd.edu.ar\/sitio\/wp-json\/wp\/v2\/pages\/1300"}],"collection":[{"href":"https:\/\/isfd144-bue.infd.edu.ar\/sitio\/wp-json\/wp\/v2\/pages"}],"about":[{"href":"https:\/\/isfd144-bue.infd.edu.ar\/sitio\/wp-json\/wp\/v2\/types\/page"}],"author":[{"embeddable":true,"href":"https:\/\/isfd144-bue.infd.edu.ar\/sitio\/wp-json\/wp\/v2\/users\/265"}],"replies":[{"embeddable":true,"href":"https:\/\/isfd144-bue.infd.edu.ar\/sitio\/wp-json\/wp\/v2\/comments?post=1300"}],"version-history":[{"count":12,"href":"https:\/\/isfd144-bue.infd.edu.ar\/sitio\/wp-json\/wp\/v2\/pages\/1300\/revisions"}],"predecessor-version":[{"id":2657,"href":"https:\/\/isfd144-bue.infd.edu.ar\/sitio\/wp-json\/wp\/v2\/pages\/1300\/revisions\/2657"}],"wp:attachment":[{"href":"https:\/\/isfd144-bue.infd.edu.ar\/sitio\/wp-json\/wp\/v2\/media?parent=1300"}],"curies":[{"name":"wp","href":"https:\/\/api.w.org\/{rel}","templated":true}]}}