{"id":1712,"date":"2023-07-07T21:43:45","date_gmt":"2023-07-08T00:43:45","guid":{"rendered":"https:\/\/isfd144-bue.infd.edu.ar\/sitio\/?page_id=1712"},"modified":"2025-03-14T19:45:37","modified_gmt":"2025-03-14T22:45:37","slug":"contactos","status":"publish","type":"page","link":"https:\/\/isfd144-bue.infd.edu.ar\/sitio\/contactos\/","title":{"rendered":"CONTACTOS"},"content":{"rendered":"\n<p><img decoding=\"async\" loading=\"lazy\" width=\"283\" height=\"178\" class=\"wp-image-1715\" style=\"width: 30px;\" src=\"https:\/\/isfd144-bue.infd.edu.ar\/sitio\/wp-content\/uploads\/2023\/07\/descarga.png\" alt=\"\"><strong>MAIL DE INSCRIPCI\u00d3N<\/strong> (\u00fanicamente para alumnos ingresantes a 1er a\u00f1o en per\u00edodo de inscripci\u00f3n): <a href=\"mailto:inscripcionisfd144@gmail.com\">inscripcionisfd144@gmail.com <\/a><\/p>\n\n\n\n<p><img decoding=\"async\" loading=\"lazy\" width=\"283\" height=\"178\" class=\"wp-image-1715\" style=\"width: 30px;\" src=\"https:\/\/isfd144-bue.infd.edu.ar\/sitio\/wp-content\/uploads\/2023\/07\/descarga.png\" alt=\"\"><strong>MAIL DE ALUMNOS<\/strong> (para alumnos cursantes de todas las carreras): <a rel=\"noreferrer noopener\" href=\"mailto:pr144tl@gmail.com\" target=\"_blank\">pr144tl@gmail.com<\/a><\/p>\n\n\n\n<p><img decoding=\"async\" loading=\"lazy\" width=\"182\" height=\"166\" class=\"wp-image-1716\" style=\"width: 20px;\" src=\"https:\/\/isfd144-bue.infd.edu.ar\/sitio\/wp-content\/uploads\/2023\/07\/FDS.png\" alt=\"\"> <strong>P\u00c1GINA DE FACEBOOK:<\/strong><a href=\"https:\/\/www.facebook.com\/profile.php?id=100043051976141\"> Click aqu\u00ed<\/a> &nbsp;<strong>\u2190<\/strong><\/p>\n\n\n\n<p><img decoding=\"async\" loading=\"lazy\" width=\"178\" height=\"169\" class=\"wp-image-1717\" style=\"width: 20px;\" src=\"https:\/\/isfd144-bue.infd.edu.ar\/sitio\/wp-content\/uploads\/2023\/07\/Sin-tituloVB.png\" alt=\"\"><strong> INSTAGRAM:<\/strong><a href=\"https:\/\/www.instagram.com\/isfd144\/\"> Click aqu\u00ed<\/a> &nbsp;<strong>\u2190<\/strong><\/p>\n\n\n\n<p><img decoding=\"async\" loading=\"lazy\" width=\"97\" height=\"132\" class=\"wp-image-1720\" style=\"width: 20px;\" src=\"https:\/\/isfd144-bue.infd.edu.ar\/sitio\/wp-content\/uploads\/2023\/07\/descarga-1-e1688776570647.png\" alt=\"\"> <strong>DIRECCI\u00d3N<\/strong>: <a href=\"https:\/\/www.google.com\/maps\/place\/Di+Geronimo+650,+Trenque+Lauquen,+Provincia+de+Buenos+Aires\/@-35.9790688,-62.7410986,17z\/data=!3m1!4b1!4m6!3m5!1s0x95c17ea9d4971495:0x68e5217019289e8f!8m2!3d-35.9790688!4d-62.7410986!16s%2Fg%2F11sbp_x767?entry=ttu\">Di Ger\u00f3nimo 650 <\/a>&nbsp;<strong>\u2190<\/strong> Trenque Lauquen (Bs. As.)<\/p>\n\n\n\n<p><\/p>\n","protected":false},"excerpt":{"rendered":"<p>MAIL DE INSCRIPCI\u00d3N (\u00fanicamente para alumnos ingresantes a 1er a\u00f1o en per\u00edodo de inscripci\u00f3n): inscripcionisfd144@gmail.com MAIL DE ALUMNOS (para alumnos cursantes de todas las carreras): pr144tl@gmail.com P\u00c1GINA DE FACEBOOK: Click aqu\u00ed &nbsp;\u2190 INSTAGRAM: Click aqu\u00ed &nbsp;\u2190 DIRECCI\u00d3N: Di Ger\u00f3nimo 650 &nbsp;\u2190 Trenque Lauquen (Bs. As.)<\/p>\n","protected":false},"author":265,"featured_media":0,"parent":0,"menu_order":0,"comment_status":"closed","ping_status":"closed","template":"","meta":[],"acf":[],"_links":{"self":[{"href":"https:\/\/isfd144-bue.infd.edu.ar\/sitio\/wp-json\/wp\/v2\/pages\/1712"}],"collection":[{"href":"https:\/\/isfd144-bue.infd.edu.ar\/sitio\/wp-json\/wp\/v2\/pages"}],"about":[{"href":"https:\/\/isfd144-bue.infd.edu.ar\/sitio\/wp-json\/wp\/v2\/types\/page"}],"author":[{"embeddable":true,"href":"https:\/\/isfd144-bue.infd.edu.ar\/sitio\/wp-json\/wp\/v2\/users\/265"}],"replies":[{"embeddable":true,"href":"https:\/\/isfd144-bue.infd.edu.ar\/sitio\/wp-json\/wp\/v2\/comments?post=1712"}],"version-history":[{"count":10,"href":"https:\/\/isfd144-bue.infd.edu.ar\/sitio\/wp-json\/wp\/v2\/pages\/1712\/revisions"}],"predecessor-version":[{"id":2342,"href":"https:\/\/isfd144-bue.infd.edu.ar\/sitio\/wp-json\/wp\/v2\/pages\/1712\/revisions\/2342"}],"wp:attachment":[{"href":"https:\/\/isfd144-bue.infd.edu.ar\/sitio\/wp-json\/wp\/v2\/media?parent=1712"}],"curies":[{"name":"wp","href":"https:\/\/api.w.org\/{rel}","templated":true}]}}