{"id":1768,"date":"2023-07-12T20:20:01","date_gmt":"2023-07-12T23:20:01","guid":{"rendered":"https:\/\/isfd144-bue.infd.edu.ar\/sitio\/?page_id=1768"},"modified":"2025-10-31T08:52:15","modified_gmt":"2025-10-31T11:52:15","slug":"convocatorias","status":"publish","type":"page","link":"https:\/\/isfd144-bue.infd.edu.ar\/sitio\/convocatorias\/","title":{"rendered":"CONVOCATORIAS"},"content":{"rendered":"\n<h2 class=\"wp-block-heading\">Documentaci\u00f3n para convocatorias<\/h2>\n\n\n\n<p>En esta secci\u00f3n encontraran toda la informaci\u00f3n correspondiente a la <strong>Cobertura de C\u00e1tedra en el Nivel Superior<\/strong> conforme a la Resoluci\u00f3n 5886\/03 y 1161\/20, as\u00ed como tambi\u00e9n convocatorias correspondiente a nuestra instituci\u00f3n.<\/p>\n\n\n\n<ul>\n<li>Resoluci\u00f3n 5886\/03 (<a href=\"https:\/\/isfd144-bue.infd.edu.ar\/sitio\/wp-content\/uploads\/2023\/07\/resolucion_nro5886_cobertura_de_catedra.pdf\">click aqu\u00ed <\/a><img decoding=\"async\" loading=\"lazy\" width=\"32\" height=\"32\" class=\"wp-image-750\" style=\"width: 15px;\" src=\"https:\/\/isfd144-bue.infd.edu.ar\/sitio\/wp-content\/uploads\/2018\/08\/icono_pdf.gif\" alt=\"\">)<\/li>\n<\/ul>\n\n\n\n<ul>\n<li>Resoluci\u00f3n 1161\/20 (<a href=\"https:\/\/isfd144-bue.infd.edu.ar\/sitio\/wp-content\/uploads\/2023\/07\/resolucion_nro1161_20.pdf\" data-type=\"URL\" data-id=\"https:\/\/isfd144-bue.infd.edu.ar\/sitio\/wp-content\/uploads\/2023\/07\/resolucion_nro1161_20.pdf\">click aqu\u00ed<\/a> <img decoding=\"async\" loading=\"lazy\" width=\"32\" height=\"32\" class=\"wp-image-750\" style=\"width: 15px;\" src=\"https:\/\/isfd144-bue.infd.edu.ar\/sitio\/wp-content\/uploads\/2018\/08\/icono_pdf.gif\" alt=\"\">)<\/li>\n<\/ul>\n\n\n\n<ul>\n<li>Anexo III (<a href=\"https:\/\/isfd144-bue.infd.edu.ar\/sitio\/wp-content\/uploads\/2023\/07\/ANEXO-III.docx\" data-type=\"URL\" data-id=\"https:\/\/isfd144-bue.infd.edu.ar\/sitio\/wp-content\/uploads\/2023\/07\/ANEXO-III.docx\">descargar<\/a> <img decoding=\"async\" loading=\"lazy\" width=\"225\" height=\"225\" class=\"wp-image-1759\" style=\"width: 15px;\" src=\"https:\/\/isfd144-bue.infd.edu.ar\/sitio\/wp-content\/uploads\/2023\/07\/descarga-2.png\" alt=\"\">)<\/li>\n<\/ul>\n\n\n\n<ul>\n<li>Instructivo APD (<a href=\"https:\/\/isfd144-bue.infd.edu.ar\/sitio\/wp-content\/uploads\/2023\/07\/instructivo_APD_postulacion-1.pdf\" data-type=\"URL\" data-id=\"https:\/\/isfd144-bue.infd.edu.ar\/sitio\/wp-content\/uploads\/2023\/07\/instructivo_APD_postulacion-1.pdf\">click aqu\u00ed<\/a> <img decoding=\"async\" loading=\"lazy\" width=\"32\" height=\"32\" class=\"wp-image-750\" style=\"width: 15px;\" src=\"https:\/\/isfd144-bue.infd.edu.ar\/sitio\/wp-content\/uploads\/2018\/08\/icono_pdf.gif\" alt=\"\">)<\/li>\n<\/ul>\n\n\n\n<p>Consultas: <a href=\"mailto:ens.isfd144@gmail.com\">ens.isfd144@gmail.com<\/a><\/p>\n\n\n\n<h2 class=\"wp-block-heading\">Convocatorias ciclo 2025<\/h2>\n\n\n\n<p>Convocatoria 1\/2025 <a href=\"https:\/\/isfd144-bue.infd.edu.ar\/sitio\/wp-content\/uploads\/2025\/03\/PV-2025-09238679-GDEBA-SADTRELAUDGCYE.pdf\" data-type=\"URL\" data-id=\"https:\/\/isfd144-bue.infd.edu.ar\/sitio\/wp-content\/uploads\/2025\/03\/PV-2025-09238679-GDEBA-SADTRELAUDGCYE.pdf\" target=\"_blank\" rel=\"noreferrer noopener\">Click aqu\u00ed <\/a> <\/p>\n\n\n\n<p>Convocatoria 2\/2025 <a href=\"https:\/\/isfd144-bue.infd.edu.ar\/sitio\/wp-content\/uploads\/2025\/03\/PV-2025-11006905-GDEBA-SADTRELAUDGCYE.pdf\" data-type=\"URL\" data-id=\"https:\/\/isfd144-bue.infd.edu.ar\/sitio\/wp-content\/uploads\/2025\/03\/PV-2025-11006905-GDEBA-SADTRELAUDGCYE.pdf\" target=\"_blank\" rel=\"noreferrer noopener\">Click aqu\u00ed<\/a><\/p>\n\n\n\n<p>Convocatoria 3\/2025 <a rel=\"noreferrer noopener\" href=\"https:\/\/isfd144-bue.infd.edu.ar\/sitio\/wp-content\/uploads\/2025\/04\/PV-2025-12392385-GDEBA-SADTRELAUDGCYE.pdf\" data-type=\"URL\" data-id=\"https:\/\/isfd144-bue.infd.edu.ar\/sitio\/wp-content\/uploads\/2025\/04\/PV-2025-12392385-GDEBA-SADTRELAUDGCYE.pdf\" target=\"_blank\">Click aqu\u00ed<\/a><\/p>\n\n\n\n<p>Convocatoria 4\/2025 <a rel=\"noreferrer noopener\" href=\"https:\/\/isfd144-bue.infd.edu.ar\/sitio\/wp-content\/uploads\/2025\/04\/PV-2025-14187848-GDEBA-SADTRELAUDGCYE.pdf\" data-type=\"URL\" data-id=\"https:\/\/isfd144-bue.infd.edu.ar\/sitio\/wp-content\/uploads\/2025\/04\/PV-2025-14187848-GDEBA-SADTRELAUDGCYE.pdf\" target=\"_blank\">Click aqu\u00ed<\/a><\/p>\n\n\n\n<p>Convocatoria 5\/2025 <a rel=\"noreferrer noopener\" href=\"https:\/\/isfd144-bue.infd.edu.ar\/sitio\/wp-content\/uploads\/2025\/05\/Convocatoria-ISFD-144-No.-5-08-05-2025.pdf\" data-type=\"URL\" data-id=\"https:\/\/isfd144-bue.infd.edu.ar\/sitio\/wp-content\/uploads\/2025\/05\/Convocatoria-ISFD-144-No.-5-08-05-2025.pdf\" target=\"_blank\">Click aqu\u00ed<\/a><\/p>\n\n\n\n<p>Convocatoria 6\/2025 Tramo pedag\u00f3gico <a rel=\"noreferrer noopener\" href=\"https:\/\/isfd144-bue.infd.edu.ar\/sitio\/wp-content\/uploads\/2025\/06\/PV-2025-22555983-GDEBA-SADTRELAUDGCYE.pdf\" data-type=\"URL\" data-id=\"https:\/\/isfd144-bue.infd.edu.ar\/sitio\/wp-content\/uploads\/2025\/06\/PV-2025-22555983-GDEBA-SADTRELAUDGCYE.pdf\" target=\"_blank\">Click aqu\u00ed<\/a><\/p>\n\n\n\n<p>Convocatoria 7\/2025 <a rel=\"noreferrer noopener\" href=\"https:\/\/isfd144-bue.infd.edu.ar\/sitio\/wp-content\/uploads\/2025\/08\/PV-2025-29705559-GDEBA-SADTRELAUDGCYE.pdf\" data-type=\"URL\" data-id=\"https:\/\/isfd144-bue.infd.edu.ar\/sitio\/wp-content\/uploads\/2025\/08\/PV-2025-29705559-GDEBA-SADTRELAUDGCYE.pdf\" target=\"_blank\">Click aqu\u00ed<\/a><\/p>\n\n\n\n<p>Convocatoria 7\/2025 Rectificada <a rel=\"noreferrer noopener\" href=\"https:\/\/isfd144-bue.infd.edu.ar\/sitio\/wp-content\/uploads\/2025\/08\/PV-2025-30271720-GDEBA-SADTRELAUDGCYE.pdf\" data-type=\"URL\" data-id=\"https:\/\/isfd144-bue.infd.edu.ar\/sitio\/wp-content\/uploads\/2025\/08\/PV-2025-30271720-GDEBA-SADTRELAUDGCYE.pdf\" target=\"_blank\">Click aqu\u00ed<\/a><\/p>\n\n\n\n<p>Convocatoria 8\/2025 <a rel=\"noreferrer noopener\" href=\"https:\/\/isfd144-bue.infd.edu.ar\/sitio\/wp-content\/uploads\/2025\/09\/PV-2025-30923883-GDEBA-SADTRELAUDGCYE.pdf\" data-type=\"URL\" data-id=\"https:\/\/isfd144-bue.infd.edu.ar\/sitio\/wp-content\/uploads\/2025\/09\/PV-2025-30923883-GDEBA-SADTRELAUDGCYE.pdf\" target=\"_blank\">Click aqu\u00ed<\/a><\/p>\n\n\n\n<p>Convocatoria 9\/2025 <a rel=\"noreferrer noopener\" href=\"https:\/\/isfd144-bue.infd.edu.ar\/sitio\/wp-content\/uploads\/2025\/09\/PV-2025-34014299-GDEBA-SADTRELAUDGCYE.pdf\" data-type=\"URL\" data-id=\"https:\/\/isfd144-bue.infd.edu.ar\/sitio\/wp-content\/uploads\/2025\/09\/PV-2025-34014299-GDEBA-SADTRELAUDGCYE.pdf\" target=\"_blank\">Click aqu\u00ed<\/a><\/p>\n\n\n\n<p>Convocatoria 10\/2025 <a rel=\"noreferrer noopener\" href=\"https:\/\/isfd144-bue.infd.edu.ar\/sitio\/wp-content\/uploads\/2025\/10\/PV-2025-35417132-GDEBA-SADTRELAUDGCYE.pdf\" data-type=\"URL\" data-id=\"https:\/\/isfd144-bue.infd.edu.ar\/sitio\/wp-content\/uploads\/2025\/10\/PV-2025-35417132-GDEBA-SADTRELAUDGCYE.pdf\" target=\"_blank\">Click aqu\u00ed<\/a><\/p>\n\n\n\n<p>Convocatoria 11\/2025 <a rel=\"noreferrer noopener\" href=\"https:\/\/isfd144-bue.infd.edu.ar\/sitio\/wp-content\/uploads\/2025\/10\/PV-2025-37900359-GDEBA-SADTRELAUDGCYE.pdf\" data-type=\"URL\" data-id=\"https:\/\/isfd144-bue.infd.edu.ar\/sitio\/wp-content\/uploads\/2025\/10\/PV-2025-37900359-GDEBA-SADTRELAUDGCYE.pdf\" target=\"_blank\">Click aqu\u00ed<\/a><\/p>\n\n\n\n<p>Convocatoria 12\/2025 <a href=\"https:\/\/isfd144-bue.infd.edu.ar\/sitio\/wp-content\/uploads\/2025\/10\/PV-2025-39498487-GDEBA-SADTRELAUDGCYE.pdf\" data-type=\"URL\" data-id=\"https:\/\/isfd144-bue.infd.edu.ar\/sitio\/wp-content\/uploads\/2025\/10\/PV-2025-39498487-GDEBA-SADTRELAUDGCYE.pdf\" target=\"_blank\" rel=\"noreferrer noopener\">Click aqu\u00ed<\/a><\/p>\n","protected":false},"excerpt":{"rendered":"<p>Documentaci\u00f3n para convocatorias En esta secci\u00f3n encontraran toda la informaci\u00f3n correspondiente a la Cobertura de C\u00e1tedra en el Nivel Superior conforme a la Resoluci\u00f3n 5886\/03 y 1161\/20, as\u00ed como tambi\u00e9n convocatorias correspondiente a nuestra instituci\u00f3n. Consultas: ens.isfd144@gmail.com Convocatorias ciclo 2025 Convocatoria 1\/2025 Click aqu\u00ed Convocatoria 2\/2025 Click aqu\u00ed Convocatoria 3\/2025 Click aqu\u00ed Convocatoria 4\/2025 Click &#8230; <a title=\"CONVOCATORIAS\" class=\"read-more\" href=\"https:\/\/isfd144-bue.infd.edu.ar\/sitio\/convocatorias\/\" aria-label=\"More on CONVOCATORIAS\">[+]<\/a><\/p>\n","protected":false},"author":265,"featured_media":0,"parent":0,"menu_order":0,"comment_status":"closed","ping_status":"closed","template":"","meta":[],"acf":[],"_links":{"self":[{"href":"https:\/\/isfd144-bue.infd.edu.ar\/sitio\/wp-json\/wp\/v2\/pages\/1768"}],"collection":[{"href":"https:\/\/isfd144-bue.infd.edu.ar\/sitio\/wp-json\/wp\/v2\/pages"}],"about":[{"href":"https:\/\/isfd144-bue.infd.edu.ar\/sitio\/wp-json\/wp\/v2\/types\/page"}],"author":[{"embeddable":true,"href":"https:\/\/isfd144-bue.infd.edu.ar\/sitio\/wp-json\/wp\/v2\/users\/265"}],"replies":[{"embeddable":true,"href":"https:\/\/isfd144-bue.infd.edu.ar\/sitio\/wp-json\/wp\/v2\/comments?post=1768"}],"version-history":[{"count":44,"href":"https:\/\/isfd144-bue.infd.edu.ar\/sitio\/wp-json\/wp\/v2\/pages\/1768\/revisions"}],"predecessor-version":[{"id":2625,"href":"https:\/\/isfd144-bue.infd.edu.ar\/sitio\/wp-json\/wp\/v2\/pages\/1768\/revisions\/2625"}],"wp:attachment":[{"href":"https:\/\/isfd144-bue.infd.edu.ar\/sitio\/wp-json\/wp\/v2\/media?parent=1768"}],"curies":[{"name":"wp","href":"https:\/\/api.w.org\/{rel}","templated":true}]}}