{"id":2122,"date":"2024-06-06T20:50:28","date_gmt":"2024-06-06T23:50:28","guid":{"rendered":"https:\/\/isfd144-bue.infd.edu.ar\/sitio\/?page_id=2122"},"modified":"2025-05-28T20:24:10","modified_gmt":"2025-05-28T23:24:10","slug":"ayudantes-de-catedra","status":"publish","type":"page","link":"https:\/\/isfd144-bue.infd.edu.ar\/sitio\/ayudantes-de-catedra\/","title":{"rendered":"AYUDANTES DE C\u00c1TEDRA"},"content":{"rendered":"\n<p>Llamado a prueba de selecci\u00f3n para ayudant\u00edas de c\u00e1tedra ad honorem (<a href=\"https:\/\/isfd144-bue.infd.edu.ar\/sitio\/wp-content\/uploads\/2024\/06\/3-_resolucion_3121_04_condiciones_para_la_figura_de_ayudante_de_catedra_y_las_formas_de_acreditacion.pdf\">Res. 3121\/04<\/a>) <\/p>\n\n\n\n<p class=\"has-text-align-left\"><mark style=\"background-color:rgba(0, 0, 0, 0)\" class=\"has-inline-color has-accent-color\">Requisitos:<\/mark><\/p>\n\n\n\n<ul>\n<li>Ser estudiante avanzado con el espacio curricular acreditado o ser docente\/t\u00e9cnico recibido.<\/li>\n\n\n\n<li>Presentar proyecto y documentaci\u00f3n solicitada al siguiente correo: <a rel=\"noreferrer noopener\" href=\"mailto:isfd144trenquelauquen@ab.gob.ar\" target=\"_blank\">isfd144trenquelauquen@abc.gob.ar<\/a><\/li>\n\n\n\n<li>Difusi\u00f3n y presentaci\u00f3n de proyecto hasta el <strong>VIERNES 06 DE JUNIO DE 2025<\/strong><\/li>\n\n\n\n<li>Evaluaci\u00f3n y entrevista a partir del <strong>09 DE JUNIO DE 2025<\/strong><\/li>\n\n\n\n<li>Gu\u00eda para proyecto (<a href=\"https:\/\/isfd144-bue.infd.edu.ar\/sitio\/wp-content\/uploads\/2024\/06\/GUIA-PARA-PROYECTOS-DE-AYUDANTIAS-1.pdf\">click aqu\u00ed<\/a>).<\/li>\n<\/ul>\n\n\n\n<p><mark style=\"background-color:rgba(0, 0, 0, 0)\" class=\"has-inline-color has-accent-color\">C\u00e1tedras: <\/mark><\/p>\n\n\n\n<blockquote class=\"wp-block-quote\">\n<p><strong>Profesorado de Educaci\u00f3n F\u00edsica<\/strong><\/p>\n<cite>\u2022\u2060 \u20601\u00b0 A\u00f1o &#8211; Did\u00e1ctica General<br>\u2022\u2060 \u20602\u00b0 A\u00f1o &#8211; Teor\u00edas Sociopol\u00edticas y Educaci\u00f3n<br>\u2022\u2060 \u20602\u00b0 A\u00f1o &#8211; Psicolog\u00eda del Desarrollo y el Aprendizaje II<br>\u2022\u2060 \u20602\u00b0 A\u00f1o &#8211; Did\u00e1ctica y Curriulum de Nivel Inicial y Primario<br>\u2022\u2060 \u20602\u00b0 A\u00f1o &#8211; Did\u00e1ctica de la Pr\u00e1cticas Atl\u00e9ticas<br>\u2022\u2060 \u20602\u00b0 A\u00f1o &#8211; Did\u00e1ctica de las Pr\u00e1cticas Deportivas I<br>\u2022\u2060 \u20602\u00b0 A\u00f1o &#8211; Fisiolog\u00eda de la Motricidad<br>\u2022\u2060 \u20603\u00b0 A\u00f1o &#8211; Metodolog\u00eda de la Investigaci\u00f3n<br>\u2022\u2060 \u20603\u00b0 A\u00f1o &#8211; Did\u00e1ctica de las Prac. en la Naturaleza y al Aire Libre II<br>\u2022\u2060 \u20603\u00b0 A\u00f1o &#8211; An\u00e1lisis de las Acciones Motrices<br>\u2022\u2060 \u20604\u00b0 A\u00f1o &#8211; Did\u00e1ctica del Entrenamiento<br>\u2022\u2060 \u20604\u00b0 A\u00f1o &#8211; Did\u00e1ctica de la Prac. Gimn\u00e1sticas Especiales<br>\u2022\u2060 \u20604\u00b0 A\u00f1o &#8211; Reflexi\u00f3n Filos\u00f3fica de la Educaci\u00f3n<\/cite><\/blockquote>\n\n\n\n<blockquote class=\"wp-block-quote\">\n<p><strong>Profesorado de Educaci\u00f3n inicial <\/strong><\/p>\n<cite>\u2022\u2060 \u20601\u00b0 A\u00f1o &#8211; Taller de Definici\u00f3n Institucional<br>\u2022\u2060 \u20602\u00b0 A\u00f1o &#8211; Did\u00e1ctica de las Ciencias Sociales<br>\u2022\u2060 \u20603\u00b0 A\u00f1o &#8211; Taller de Ciencias Sociales<br>\u2022\u2060 \u20604\u00b0 A\u00f1o &#8211; Reflexi\u00f3n Filos\u00f3fica de la Educaci\u00f3n<\/cite><\/blockquote>\n\n\n\n<blockquote class=\"wp-block-quote\">\n<p><strong>Profesorado de Ingl\u00e9s<\/strong><\/p>\n<cite>\u2022\u2060 \u20603\u00b0 A\u00f1o &#8211; Pr\u00e1cticas Discursivas de la Comunicaci\u00f3n Escrita III<\/cite><\/blockquote>\n\n\n\n<p><mark style=\"background-color:rgba(0, 0, 0, 0)\" class=\"has-inline-color has-accent-color\">Condiciones de ingreso para aspirantes:<br><\/mark><br>Los postulantes\u00a0deber\u00e1n enviar por mail a\u00a0<a rel=\"noreferrer noopener\" href=\"mailto:isfd144trenquelauquen@ab.gob.ar\" target=\"_blank\">isfd144trenquelauquen@abc.gob.ar<\/a>\u00a0la siguiente informaci\u00f3n\/documentaci\u00f3n:<br><br>&#8211; DATOS PERSONALES: apellido y nombres, n\u00famero de Documento Nacional de Identidad, lugar y fecha de nacimiento, domicilio, correo electr\u00f3nico.<br>&#8211; T\u00cdTULOS \/ CERTIFICACI\u00d3N DE ALUMNO\/A REGULAR DEL \u00daLTIMO A\u00d1O: los aspirantes graduados adjuntar\u00e1n fotocopia\/s autenticada\/s de su\/s t\u00edtulo\/s. Los aspirantes alumnos, deber\u00e1n acreditar su condici\u00f3n de cursante del \u00faltimo a\u00f1o de la carrera y presentar certificado anal\u00edtico.<br>&#8211; ANTECEDENTES DOCENTES: cargos docentes desempe\u00f1ados, indicando la instituci\u00f3n con especificaci\u00f3n de nivel, el per\u00edodo y la naturaleza de su designaci\u00f3n, evaluaci\u00f3n de desempe\u00f1o si la hubiera, en el caso de ayudantes graduados y\/o alumnos con t\u00edtulo docente previo.<br>&#8211; PUBLICACIONES: Libros, art\u00edculos publicados, art\u00edculos in\u00e9ditos y\/o material de c\u00e1tedra<br>&#8211; FORMACI\u00d3N CONTINUA: fotocopia autenticada de los cursos de actualizaci\u00f3n, especializaci\u00f3n o capacitaci\u00f3n realizados.<br>&#8211; PROYECTO DE AYUDANT\u00cdA: que incluya la FUNDAMENTACI\u00d3N de los \u00a0argumentos y expectativas que motivan su postulaci\u00f3n.<br>&#8211; OTROS: antecedentes que considere pertinentes.<\/p>\n\n\n\n<p><\/p>\n\n\n\n<p>Resoluci\u00f3n: (<a href=\"https:\/\/isfd144-bue.infd.edu.ar\/sitio\/wp-content\/uploads\/2024\/06\/3-_resolucion_3121_04_condiciones_para_la_figura_de_ayudante_de_catedra_y_las_formas_de_acreditacion.pdf\">click aqu\u00ed<\/a>) <\/p>\n\n\n\n<p><\/p>\n\n\n\n<p><\/p>\n\n\n\n<p><br><br><\/p>\n","protected":false},"excerpt":{"rendered":"<p>Llamado a prueba de selecci\u00f3n para ayudant\u00edas de c\u00e1tedra ad honorem (Res. 3121\/04) Requisitos: C\u00e1tedras: Profesorado de Educaci\u00f3n F\u00edsica \u2022\u2060 \u20601\u00b0 A\u00f1o &#8211; Did\u00e1ctica General\u2022\u2060 \u20602\u00b0 A\u00f1o &#8211; Teor\u00edas Sociopol\u00edticas y Educaci\u00f3n\u2022\u2060 \u20602\u00b0 A\u00f1o &#8211; Psicolog\u00eda del Desarrollo y el Aprendizaje II\u2022\u2060 \u20602\u00b0 A\u00f1o &#8211; Did\u00e1ctica y Curriulum de Nivel Inicial y Primario\u2022\u2060 \u20602\u00b0 A\u00f1o &#8230; <a title=\"AYUDANTES DE C\u00c1TEDRA\" class=\"read-more\" href=\"https:\/\/isfd144-bue.infd.edu.ar\/sitio\/ayudantes-de-catedra\/\" aria-label=\"More on AYUDANTES DE C\u00c1TEDRA\">[+]<\/a><\/p>\n","protected":false},"author":265,"featured_media":0,"parent":0,"menu_order":0,"comment_status":"closed","ping_status":"closed","template":"","meta":[],"acf":[],"_links":{"self":[{"href":"https:\/\/isfd144-bue.infd.edu.ar\/sitio\/wp-json\/wp\/v2\/pages\/2122"}],"collection":[{"href":"https:\/\/isfd144-bue.infd.edu.ar\/sitio\/wp-json\/wp\/v2\/pages"}],"about":[{"href":"https:\/\/isfd144-bue.infd.edu.ar\/sitio\/wp-json\/wp\/v2\/types\/page"}],"author":[{"embeddable":true,"href":"https:\/\/isfd144-bue.infd.edu.ar\/sitio\/wp-json\/wp\/v2\/users\/265"}],"replies":[{"embeddable":true,"href":"https:\/\/isfd144-bue.infd.edu.ar\/sitio\/wp-json\/wp\/v2\/comments?post=2122"}],"version-history":[{"count":12,"href":"https:\/\/isfd144-bue.infd.edu.ar\/sitio\/wp-json\/wp\/v2\/pages\/2122\/revisions"}],"predecessor-version":[{"id":2464,"href":"https:\/\/isfd144-bue.infd.edu.ar\/sitio\/wp-json\/wp\/v2\/pages\/2122\/revisions\/2464"}],"wp:attachment":[{"href":"https:\/\/isfd144-bue.infd.edu.ar\/sitio\/wp-json\/wp\/v2\/media?parent=2122"}],"curies":[{"name":"wp","href":"https:\/\/api.w.org\/{rel}","templated":true}]}}