{"id":2308,"date":"2025-03-13T01:05:49","date_gmt":"2025-03-13T04:05:49","guid":{"rendered":"https:\/\/isfd144-bue.infd.edu.ar\/sitio\/?page_id=2308"},"modified":"2025-03-31T14:53:21","modified_gmt":"2025-03-31T17:53:21","slug":"estudiante-itinerante","status":"publish","type":"page","link":"https:\/\/isfd144-bue.infd.edu.ar\/sitio\/estudiante-itinerante\/","title":{"rendered":"ESTUDIANTE ITINERANTE"},"content":{"rendered":"\n<p><strong>Consideraciones generales:<\/strong><\/p>\n\n\n\n<ul>\n<li>La o el estudiante itinerante es quien cursa como estudiante regular en un IS y al mismo tiempo, cursa una o m\u00e1s unidades curriculares en otro IS en la que no se encuentra matriculada o matriculado para acreditar una o m\u00e1s unidades curriculares en un Profesorado o Tecnicatura.<\/li>\n\n\n\n<li>S\u00f3lo se podr\u00e1 optar por cursar como itinerante, hasta el 30% de las unidades curriculares (UC) de la carrera, del mismo plan de estudio o una UC con igual denominaci\u00f3n, carga horaria y contenidos m\u00ednimos. <\/li>\n\n\n\n<li>No se puede cursar como estudiante itinerante el Campo de la Pr\u00e1ctica Docente y Pr\u00e1cticas Profesionalizantes. <\/li>\n\n\n\n<li>La solicitud se realizar\u00e1 en el periodo de inscripci\u00f3n a la\/s unidad\/es curricular\/es teniendo en cuenta las fechas dispuestas por el IS en el que aspira cursar.<\/li>\n<\/ul>\n\n\n\n<p>El IS aceptar\u00e1 o rechazar\u00e1 la solicitud, teniendo en cuenta la <em>disponibilidad de vacantes<\/em><\/p>\n\n\n\n<p><\/p>\n\n\n\n<p><strong>Importante:<\/strong><\/p>\n\n\n\n<ul>\n<li>La cursada de unidades curriculares realizadas como estudiante itinerante, tendr\u00e1 una validez<br>de ocho turnos consecutivos a partir de la finalizaci\u00f3n de la cursada.<\/li>\n\n\n\n<li>La acreditaci\u00f3n de la UC se deber\u00e1 realizar en el IS donde cursa como itinerante.<\/li>\n<\/ul>\n\n\n\n<p><\/p>\n\n\n\n<p><strong>Documentaci\u00f3n a presentar en el IS que aspira ingresar como Estudiante Itinerante (por duplicado):<\/strong><\/p>\n\n\n\n<ul>\n<li>Descargar y Completar Formulario A: <a href=\"https:\/\/isfd144-bue.infd.edu.ar\/sitio\/wp-content\/uploads\/2025\/03\/Estud-itinerante_Formulario-A_Solicitud-para-cursar-UC.pdf\" data-type=\"URL\" data-id=\"https:\/\/isfd144-bue.infd.edu.ar\/sitio\/wp-content\/uploads\/2025\/03\/Estud-itinerante_Formulario-A_Solicitud-para-cursar-UC.pdf\" target=\"_blank\" rel=\"noreferrer noopener\">Formulario-A_Solicitud-para-cursar-UC_Estud Itinerante.pdf<\/a><\/li>\n\n\n\n<li>Certificado Anal\u00edtico parcial (solicitarlo en IS que se encuentra matriculado)<\/li>\n\n\n\n<li>Copia DNI de ambos lados<\/li>\n<\/ul>\n\n\n\n<p><strong>Documentaci\u00f3n a presentar en el IS en el que el Estudiante se encuentra Matriculado una vez que se otorga la vacante (por triplicado): <\/strong><\/p>\n\n\n\n<ul>\n<li>Descargar Formulario B: <a href=\"https:\/\/isfd144-bue.infd.edu.ar\/sitio\/wp-content\/uploads\/2025\/03\/Formulario-B_Notificacion-al-estudiante.pdf\" data-type=\"URL\" data-id=\"https:\/\/isfd144-bue.infd.edu.ar\/sitio\/wp-content\/uploads\/2025\/03\/Formulario-B_Notificacion-al-estudiante.pdf\" target=\"_blank\" rel=\"noreferrer noopener\">Formulario-B_Notificacion-al-estudiante.pdf<\/a><\/li>\n<\/ul>\n\n\n\n<p><\/p>\n","protected":false},"excerpt":{"rendered":"<p>Consideraciones generales: El IS aceptar\u00e1 o rechazar\u00e1 la solicitud, teniendo en cuenta la disponibilidad de vacantes Importante: Documentaci\u00f3n a presentar en el IS que aspira ingresar como Estudiante Itinerante (por duplicado): Documentaci\u00f3n a presentar en el IS en el que el Estudiante se encuentra Matriculado una vez que se otorga la vacante (por triplicado):<\/p>\n","protected":false},"author":265,"featured_media":0,"parent":0,"menu_order":0,"comment_status":"closed","ping_status":"closed","template":"","meta":[],"acf":[],"_links":{"self":[{"href":"https:\/\/isfd144-bue.infd.edu.ar\/sitio\/wp-json\/wp\/v2\/pages\/2308"}],"collection":[{"href":"https:\/\/isfd144-bue.infd.edu.ar\/sitio\/wp-json\/wp\/v2\/pages"}],"about":[{"href":"https:\/\/isfd144-bue.infd.edu.ar\/sitio\/wp-json\/wp\/v2\/types\/page"}],"author":[{"embeddable":true,"href":"https:\/\/isfd144-bue.infd.edu.ar\/sitio\/wp-json\/wp\/v2\/users\/265"}],"replies":[{"embeddable":true,"href":"https:\/\/isfd144-bue.infd.edu.ar\/sitio\/wp-json\/wp\/v2\/comments?post=2308"}],"version-history":[{"count":5,"href":"https:\/\/isfd144-bue.infd.edu.ar\/sitio\/wp-json\/wp\/v2\/pages\/2308\/revisions"}],"predecessor-version":[{"id":2416,"href":"https:\/\/isfd144-bue.infd.edu.ar\/sitio\/wp-json\/wp\/v2\/pages\/2308\/revisions\/2416"}],"wp:attachment":[{"href":"https:\/\/isfd144-bue.infd.edu.ar\/sitio\/wp-json\/wp\/v2\/media?parent=2308"}],"curies":[{"name":"wp","href":"https:\/\/api.w.org\/{rel}","templated":true}]}}