{"id":2383,"date":"2025-03-29T01:11:32","date_gmt":"2025-03-29T04:11:32","guid":{"rendered":"https:\/\/isfd144-bue.infd.edu.ar\/sitio\/?page_id=2383"},"modified":"2025-06-27T20:21:14","modified_gmt":"2025-06-27T23:21:14","slug":"espacios-curriculares-por-promocion-2025","status":"publish","type":"page","link":"https:\/\/isfd144-bue.infd.edu.ar\/sitio\/espacios-curriculares-por-promocion-2025\/","title":{"rendered":"Espacios curriculares por PROMOCI\u00d3N 2025"},"content":{"rendered":"\n<p>Consult\u00e1 los distintos enlaces para visualizar los espacios curriculares por Promoci\u00f3n correspondiente al ciclo lectivo 2025<\/p>\n\n\n\n<p><\/p>\n\n\n\n<ul>\n<li>Profesorado de Educaci\u00f3n F\u00edsica <a href=\"https:\/\/isfd144-bue.infd.edu.ar\/sitio\/wp-content\/uploads\/2025\/03\/Profesorado-de-Educacion-Fisica_Materias-por-promocion-2025.pdf\" data-type=\"URL\" data-id=\"https:\/\/isfd144-bue.infd.edu.ar\/sitio\/wp-content\/uploads\/2025\/03\/Profesorado-de-Educacion-Fisica_Materias-por-promocion-2025.pdf\" target=\"_blank\" rel=\"noreferrer noopener\">Clic aqu\u00ed_Promoci\u00f3n_PEF-2025<\/a><\/li>\n\n\n\n<li>Profesorado de Educaci\u00f3n Inicial <a href=\"https:\/\/isfd144-bue.infd.edu.ar\/sitio\/wp-content\/uploads\/2025\/03\/Profesorado-de-Educacion-Inicial_Materias-por-promocion-Hoja-1-1.pdf\" data-type=\"URL\" target=\"_blank\" rel=\"noreferrer noopener\">Clic aqu\u00ed_Promoci\u00f3n_INICIAL-2025<\/a><\/li>\n\n\n\n<li>Profesorado de Ingl\u00e9s <a href=\"https:\/\/isfd144-bue.infd.edu.ar\/sitio\/wp-content\/uploads\/2025\/03\/Profesorado-de-Ingles_Materias-por-promocion-2025.pdf\" data-type=\"URL\" data-id=\"https:\/\/isfd144-bue.infd.edu.ar\/sitio\/wp-content\/uploads\/2025\/03\/Profesorado-de-Ingles_Materias-por-promocion-2025.pdf\" target=\"_blank\" rel=\"noreferrer noopener\">Clic aqu\u00ed_Promoci\u00f3n_INGL\u00c9S-2025<\/a><\/li>\n\n\n\n<li>Tecnicatura Superior en Bibliotecolog\u00eda de Instituciones Educativas <a href=\"https:\/\/isfd144-bue.infd.edu.ar\/sitio\/wp-content\/uploads\/2025\/06\/TS-en-BIE_Materias-por-promocion-Hoja-1.pdf\" data-type=\"URL\" data-id=\"https:\/\/isfd144-bue.infd.edu.ar\/sitio\/wp-content\/uploads\/2025\/06\/TS-en-BIE_Materias-por-promocion-Hoja-1.pdf\" target=\"_blank\" rel=\"noreferrer noopener\">Clic aqu\u00ed_Promoci\u00f3n_BIE-2025<\/a><\/li>\n\n\n\n<li>Tecnicatura Superior en Turismo <a href=\"https:\/\/isfd144-bue.infd.edu.ar\/sitio\/wp-content\/uploads\/2025\/03\/TS-en-Turismo_Materias-por-promocion-2025.pdf\" data-type=\"URL\" data-id=\"https:\/\/isfd144-bue.infd.edu.ar\/sitio\/wp-content\/uploads\/2025\/03\/TS-en-Turismo_Materias-por-promocion-2025.pdf\" target=\"_blank\" rel=\"noreferrer noopener\">Clic aqu\u00ed_Promoci\u00f3n_TURISMO-2025<\/a><\/li>\n<\/ul>\n\n\n\n<ul>\n<li>Tecnicatura Superior en Administraci\u00f3n de RRHH &#8211; 1er A\u00f1o <a href=\"https:\/\/isfd144-bue.infd.edu.ar\/sitio\/wp-content\/uploads\/2025\/04\/TS-en-Adm-de-RRHH_Materias-por-promocion-1er-ano.pdf\" data-type=\"URL\" target=\"_blank\" rel=\"noreferrer noopener\">Clic aqu\u00ed_Promoci\u00f3n_RRHH 1\u00ba A\u00f1o_2025<\/a><\/li>\n\n\n\n<li>Tecnicatura Superior en Administraci\u00f3n de RRHH &#8211; 2do y 3er A\u00f1o <a href=\"https:\/\/isfd144-bue.infd.edu.ar\/sitio\/wp-content\/uploads\/2025\/06\/TS-en-Adm-de-RRHH_Materias-por-promocion-Copia-de-Hoja-1-1.pdf\" data-type=\"URL\" data-id=\"https:\/\/isfd144-bue.infd.edu.ar\/sitio\/wp-content\/uploads\/2025\/06\/TS-en-Adm-de-RRHH_Materias-por-promocion-Copia-de-Hoja-1-1.pdf\" target=\"_blank\" rel=\"noreferrer noopener\">Clic aqu\u00ed_Promoci\u00f3n_RRHH 2\u00ba y 3\u00ba A\u00f1o_2025<\/a><\/li>\n<\/ul>\n","protected":false},"excerpt":{"rendered":"<p>Consult\u00e1 los distintos enlaces para visualizar los espacios curriculares por Promoci\u00f3n correspondiente al ciclo lectivo 2025<\/p>\n","protected":false},"author":265,"featured_media":0,"parent":0,"menu_order":0,"comment_status":"closed","ping_status":"closed","template":"","meta":[],"acf":[],"_links":{"self":[{"href":"https:\/\/isfd144-bue.infd.edu.ar\/sitio\/wp-json\/wp\/v2\/pages\/2383"}],"collection":[{"href":"https:\/\/isfd144-bue.infd.edu.ar\/sitio\/wp-json\/wp\/v2\/pages"}],"about":[{"href":"https:\/\/isfd144-bue.infd.edu.ar\/sitio\/wp-json\/wp\/v2\/types\/page"}],"author":[{"embeddable":true,"href":"https:\/\/isfd144-bue.infd.edu.ar\/sitio\/wp-json\/wp\/v2\/users\/265"}],"replies":[{"embeddable":true,"href":"https:\/\/isfd144-bue.infd.edu.ar\/sitio\/wp-json\/wp\/v2\/comments?post=2383"}],"version-history":[{"count":10,"href":"https:\/\/isfd144-bue.infd.edu.ar\/sitio\/wp-json\/wp\/v2\/pages\/2383\/revisions"}],"predecessor-version":[{"id":2501,"href":"https:\/\/isfd144-bue.infd.edu.ar\/sitio\/wp-json\/wp\/v2\/pages\/2383\/revisions\/2501"}],"wp:attachment":[{"href":"https:\/\/isfd144-bue.infd.edu.ar\/sitio\/wp-json\/wp\/v2\/media?parent=2383"}],"curies":[{"name":"wp","href":"https:\/\/api.w.org\/{rel}","templated":true}]}}