{"id":2469,"date":"2025-06-18T21:11:00","date_gmt":"2025-06-19T00:11:00","guid":{"rendered":"https:\/\/isfd144-bue.infd.edu.ar\/sitio\/?page_id=2469"},"modified":"2025-08-07T16:21:15","modified_gmt":"2025-08-07T19:21:15","slug":"tramo-de-formacion-pedagogica","status":"publish","type":"page","link":"https:\/\/isfd144-bue.infd.edu.ar\/sitio\/tramo-de-formacion-pedagogica\/","title":{"rendered":"TRAMO DE FORMACI\u00d3N PEDAG\u00d3GICA"},"content":{"rendered":"\n<p>Se informa a los ingresantes que el inicio de cursada se realizar\u00e1 el <strong>s\u00e1bado 9 de Agosto en el horario de las 10hs<\/strong> con un encuentro virtual sincr\u00f3nico v\u00eda <strong>Meet<\/strong>. El <strong>link de acceso<\/strong> se enviar\u00e1 a todos los estudiantes en el transcurso del d\u00eda viernes por mail a la direcci\u00f3n personal que volcaron en el formulario de inscripci\u00f3n. En caso de no haber recibido el mail de confirmaci\u00f3n por favor revisar el correo SPAM y chequear que la direcci\u00f3n sea la correcta.<\/p>\n\n\n\n<p>En este primer encuentro se competir\u00e1 el cronograma definitivo y el horario de cursada de los diferentes espacios curriculares.<\/p>\n\n\n\n<p>De no recibir el link de acceso al encuentro comunicarse al mail <a href=\"mailto:inscripcionisfd144@gmail.com\">inscripcionisfd144@gmail.com<\/a><\/p>\n\n\n\n<p><\/p>\n\n\n\n<p><strong><em>Duraci\u00f3n del tramo de formaci\u00f3n pedag\u00f3gica\u00a0<\/em><\/strong><\/p>\n\n\n\n<p>&nbsp;Cuatro cuatrimestres.&nbsp;<\/p>\n\n\n\n<p>&nbsp;Carga horaria total: 704 hs. reloj<\/p>\n\n\n\n<p><a href=\"https:\/\/isfd144-bue.infd.edu.ar\/sitio\/wp-content\/uploads\/2025\/06\/RESOC-2024-2076-GDEBA-DGCYE-y-Anexos-Tramo-Pedagogico.pdf\" target=\"_blank\" rel=\"noreferrer noopener\">DISE\u00d1O CURRICULAR Click Aqu\u00ed<\/a><\/p>\n\n\n\n<p><a rel=\"noreferrer noopener\" href=\"https:\/\/isfd144-bue.infd.edu.ar\/sitio\/wp-content\/uploads\/2025\/06\/Captura-de-Pantalla-2025-06-18-a-las-21.57.27.png\" target=\"_blank\">CRONOGRAMA DE CURSADA<\/a><a href=\"https:\/\/isfd144-bue.infd.edu.ar\/sitio\/wp-content\/uploads\/2025\/06\/Captura-de-Pantalla-2025-06-18-a-las-21.57.27.png\" data-type=\"URL\" data-id=\"https:\/\/isfd144-bue.infd.edu.ar\/sitio\/wp-content\/uploads\/2025\/06\/Captura-de-Pantalla-2025-06-18-a-las-21.57.27.png\" target=\"_blank\" rel=\"noreferrer noopener\"> <\/a><a rel=\"noreferrer noopener\" href=\"https:\/\/isfd144-bue.infd.edu.ar\/sitio\/wp-content\/uploads\/2025\/06\/Captura-de-Pantalla-2025-06-18-a-las-21.57.27.png\" target=\"_blank\">Click Aqu\u00ed<\/a><\/p>\n\n\n\n<p><\/p>\n\n\n\n<p><strong><em>Contacto<\/em><\/strong>: <a href=\"mailto:inscripcionisfd144@gmail.com\" target=\"_blank\" rel=\"noreferrer noopener\">inscripcionisfd144@gmail.com<\/a> <\/p>\n","protected":false},"excerpt":{"rendered":"<p>Se informa a los ingresantes que el inicio de cursada se realizar\u00e1 el s\u00e1bado 9 de Agosto en el horario de las 10hs con un encuentro virtual sincr\u00f3nico v\u00eda Meet. El link de acceso se enviar\u00e1 a todos los estudiantes en el transcurso del d\u00eda viernes por mail a la direcci\u00f3n personal que volcaron en &#8230; <a title=\"TRAMO DE FORMACI\u00d3N PEDAG\u00d3GICA\" class=\"read-more\" href=\"https:\/\/isfd144-bue.infd.edu.ar\/sitio\/tramo-de-formacion-pedagogica\/\" aria-label=\"More on TRAMO DE FORMACI\u00d3N PEDAG\u00d3GICA\">[+]<\/a><\/p>\n","protected":false},"author":265,"featured_media":0,"parent":0,"menu_order":0,"comment_status":"closed","ping_status":"closed","template":"","meta":[],"acf":[],"_links":{"self":[{"href":"https:\/\/isfd144-bue.infd.edu.ar\/sitio\/wp-json\/wp\/v2\/pages\/2469"}],"collection":[{"href":"https:\/\/isfd144-bue.infd.edu.ar\/sitio\/wp-json\/wp\/v2\/pages"}],"about":[{"href":"https:\/\/isfd144-bue.infd.edu.ar\/sitio\/wp-json\/wp\/v2\/types\/page"}],"author":[{"embeddable":true,"href":"https:\/\/isfd144-bue.infd.edu.ar\/sitio\/wp-json\/wp\/v2\/users\/265"}],"replies":[{"embeddable":true,"href":"https:\/\/isfd144-bue.infd.edu.ar\/sitio\/wp-json\/wp\/v2\/comments?post=2469"}],"version-history":[{"count":13,"href":"https:\/\/isfd144-bue.infd.edu.ar\/sitio\/wp-json\/wp\/v2\/pages\/2469\/revisions"}],"predecessor-version":[{"id":2581,"href":"https:\/\/isfd144-bue.infd.edu.ar\/sitio\/wp-json\/wp\/v2\/pages\/2469\/revisions\/2581"}],"wp:attachment":[{"href":"https:\/\/isfd144-bue.infd.edu.ar\/sitio\/wp-json\/wp\/v2\/media?parent=2469"}],"curies":[{"name":"wp","href":"https:\/\/api.w.org\/{rel}","templated":true}]}}