{"id":318,"date":"2016-10-31T14:20:44","date_gmt":"2016-10-31T17:20:44","guid":{"rendered":"https:\/\/isfd144-bue.infd.edu.ar\/sitio\/?page_id=318"},"modified":"2025-07-07T21:47:33","modified_gmt":"2025-07-08T00:47:33","slug":"contacto","status":"publish","type":"page","link":"https:\/\/isfd144-bue.infd.edu.ar\/sitio\/contacto\/","title":{"rendered":"CONTACTO PROFESORES"},"content":{"rendered":"<h3><strong>MAILS DE CONTACTO DE LOS DOCENTES: <\/strong><\/h3>\n<p>A continuaci\u00f3n, les dejamos un listado por carrera y materia, con su correspondiente profesor y mail, para que puedan contactarse en caso de requerirlo:<\/p>\n<pre>Tecn. Sup. en Bibliotecolog\u00edas de Instituciones Educativas: <a href=\"https:\/\/isfd144-bue.infd.edu.ar\/sitio\/wp-content\/uploads\/2025\/07\/Correos-Profesores-Tec-Sup-en-Bibliotecologia-de-Inst-Educ-2025.pdf\">Click aqu\u00ed<\/a>\n\nProf. de Ed. F\u00edsica: <a href=\"https:\/\/isfd144-bue.infd.edu.ar\/sitio\/wp-content\/uploads\/2025\/07\/Correos-Profesores-Prof.-Educ.-Fisica-2025.pdf\">Click aqu\u00ed<\/a>\u00a0 \n\nProf. de Ed. Inicial: <a href=\"https:\/\/isfd144-bue.infd.edu.ar\/sitio\/wp-content\/uploads\/2025\/07\/Correos-Profesores-Prof.-Educ-Inicial-2025.pdf\">Click aqu\u00ed<\/a>\n\nProf. de Ingl\u00e9s: <a href=\"https:\/\/isfd144-bue.infd.edu.ar\/sitio\/wp-content\/uploads\/2025\/07\/Correos-Profesores-Prof-Ingles-2025.pdf\">Click aqu\u00ed<\/a>\n\nTec. en Adm. de Recursos Humanos: <a href=\"https:\/\/isfd144-bue.infd.edu.ar\/sitio\/wp-content\/uploads\/2025\/07\/Correos-Profesores-Tec.-Sup.-en-Adm.-de-RRHH-2025.pdf\">Click aqu\u00ed<\/a>\n\nTec. en Turismo: <a href=\"https:\/\/isfd144-bue.infd.edu.ar\/sitio\/wp-content\/uploads\/2025\/07\/Correos-Profesores-Tec.-Sup-en-Turismo-2025.pdf\">Click aqu\u00ed<\/a><\/pre>\n<h2><\/h2>\n<h2>Contacto Institucional:<\/h2>\n<p><strong>Direcci\u00f3n<\/strong>: Di Ger\u00f3nimo 650 &#8211; Trenque Lauquen (Bs. As.)<\/p>\n<p><strong>Mail<\/strong>: <a href=\"mailto:pr144tl@gmail.com\">pr144tl@gmail.com<\/a><\/p>\n","protected":false},"excerpt":{"rendered":"<p>MAILS DE CONTACTO DE LOS DOCENTES: A continuaci\u00f3n, les dejamos un listado por carrera y materia, con su correspondiente profesor y mail, para que puedan contactarse en caso de requerirlo: Tecn. Sup. en Bibliotecolog\u00edas de Instituciones Educativas: Click aqu\u00ed Prof. de Ed. F\u00edsica: Click aqu\u00ed\u00a0 Prof. de Ed. Inicial: Click aqu\u00ed Prof. de Ingl\u00e9s: Click &#8230; <a title=\"CONTACTO PROFESORES\" class=\"read-more\" href=\"https:\/\/isfd144-bue.infd.edu.ar\/sitio\/contacto\/\" aria-label=\"More on CONTACTO PROFESORES\">[+]<\/a><\/p>\n","protected":false},"author":1,"featured_media":0,"parent":0,"menu_order":0,"comment_status":"closed","ping_status":"closed","template":"","meta":[],"acf":[],"_links":{"self":[{"href":"https:\/\/isfd144-bue.infd.edu.ar\/sitio\/wp-json\/wp\/v2\/pages\/318"}],"collection":[{"href":"https:\/\/isfd144-bue.infd.edu.ar\/sitio\/wp-json\/wp\/v2\/pages"}],"about":[{"href":"https:\/\/isfd144-bue.infd.edu.ar\/sitio\/wp-json\/wp\/v2\/types\/page"}],"author":[{"embeddable":true,"href":"https:\/\/isfd144-bue.infd.edu.ar\/sitio\/wp-json\/wp\/v2\/users\/1"}],"replies":[{"embeddable":true,"href":"https:\/\/isfd144-bue.infd.edu.ar\/sitio\/wp-json\/wp\/v2\/comments?post=318"}],"version-history":[{"count":26,"href":"https:\/\/isfd144-bue.infd.edu.ar\/sitio\/wp-json\/wp\/v2\/pages\/318\/revisions"}],"predecessor-version":[{"id":2557,"href":"https:\/\/isfd144-bue.infd.edu.ar\/sitio\/wp-json\/wp\/v2\/pages\/318\/revisions\/2557"}],"wp:attachment":[{"href":"https:\/\/isfd144-bue.infd.edu.ar\/sitio\/wp-json\/wp\/v2\/media?parent=318"}],"curies":[{"name":"wp","href":"https:\/\/api.w.org\/{rel}","templated":true}]}}