{"id":772,"date":"2018-08-29T15:13:31","date_gmt":"2018-08-29T18:13:31","guid":{"rendered":"https:\/\/isfd144-bue.infd.edu.ar\/sitio\/profesorado-en-educacion-inicial\/"},"modified":"2022-12-02T19:47:21","modified_gmt":"2022-12-02T22:47:21","slug":"profesorado-en-educacion-inicial","status":"publish","type":"page","link":"https:\/\/isfd144-bue.infd.edu.ar\/sitio\/profesorado-en-educacion-inicial\/","title":{"rendered":"PROFESORADO DE ED. INICIAL"},"content":{"rendered":"<p>El egresado del profesorado el Nivel Inicial estar\u00e1 capacitado para ejercer la\u00a0 docencia en los dos ciclos del nivel inicial. Es el profesional encargado de la acci\u00f3n\u00a0 educativa de los ni\u00f1os en su primer\u00a0 experiencia de socializaci\u00f3n fuera del\u00a0 n\u00facleo familiar.<\/p>\n<p><strong>NIVEL:<\/strong> SUPERIOR<\/p>\n<p><strong>MODALIDAD:<\/strong> PRESENCIAL<\/p>\n<p><strong>HORARIO:<\/strong> VESPERTINO DE 18 A 23HS<\/p>\n<p><strong>DURACI\u00d3N:<\/strong> 4 A\u00d1OS<\/p>\n<p><strong>DISE\u00d1O DE LA CARRERA:<\/strong>\u00a0<a href=\"https:\/\/isfd144-bue.infd.edu.ar\/sitio\/wp-content\/uploads\/2021\/04\/Prof.-de-Ed.-Inicial.pdf\">Prof. de Ed. Inicial<\/a><\/p>\n","protected":false},"excerpt":{"rendered":"<p>El egresado del profesorado el Nivel Inicial estar\u00e1 capacitado para ejercer la\u00a0 docencia en los dos ciclos del nivel inicial. Es el profesional encargado de la acci\u00f3n\u00a0 educativa de los ni\u00f1os en su primer\u00a0 experiencia de socializaci\u00f3n fuera del\u00a0 n\u00facleo familiar. NIVEL: SUPERIOR MODALIDAD: PRESENCIAL HORARIO: VESPERTINO DE 18 A 23HS DURACI\u00d3N: 4 A\u00d1OS DISE\u00d1O &#8230; <a title=\"PROFESORADO DE ED. INICIAL\" class=\"read-more\" href=\"https:\/\/isfd144-bue.infd.edu.ar\/sitio\/profesorado-en-educacion-inicial\/\" aria-label=\"More on PROFESORADO DE ED. INICIAL\">[+]<\/a><\/p>\n","protected":false},"author":265,"featured_media":0,"parent":0,"menu_order":0,"comment_status":"closed","ping_status":"closed","template":"","meta":[],"acf":[],"_links":{"self":[{"href":"https:\/\/isfd144-bue.infd.edu.ar\/sitio\/wp-json\/wp\/v2\/pages\/772"}],"collection":[{"href":"https:\/\/isfd144-bue.infd.edu.ar\/sitio\/wp-json\/wp\/v2\/pages"}],"about":[{"href":"https:\/\/isfd144-bue.infd.edu.ar\/sitio\/wp-json\/wp\/v2\/types\/page"}],"author":[{"embeddable":true,"href":"https:\/\/isfd144-bue.infd.edu.ar\/sitio\/wp-json\/wp\/v2\/users\/265"}],"replies":[{"embeddable":true,"href":"https:\/\/isfd144-bue.infd.edu.ar\/sitio\/wp-json\/wp\/v2\/comments?post=772"}],"version-history":[{"count":2,"href":"https:\/\/isfd144-bue.infd.edu.ar\/sitio\/wp-json\/wp\/v2\/pages\/772\/revisions"}],"predecessor-version":[{"id":1496,"href":"https:\/\/isfd144-bue.infd.edu.ar\/sitio\/wp-json\/wp\/v2\/pages\/772\/revisions\/1496"}],"wp:attachment":[{"href":"https:\/\/isfd144-bue.infd.edu.ar\/sitio\/wp-json\/wp\/v2\/media?parent=772"}],"curies":[{"name":"wp","href":"https:\/\/api.w.org\/{rel}","templated":true}]}}