{"id":792,"date":"2018-08-29T15:13:41","date_gmt":"2018-08-29T18:13:41","guid":{"rendered":"https:\/\/isfd144-bue.infd.edu.ar\/sitio\/tecnicatura-superior-en-periodismo\/"},"modified":"2025-10-13T21:07:05","modified_gmt":"2025-10-14T00:07:05","slug":"becas-progresar","status":"publish","type":"page","link":"https:\/\/isfd144-bue.infd.edu.ar\/sitio\/becas-progresar\/","title":{"rendered":"PROGRESAR"},"content":{"rendered":"<h3>BECAS PROGRESAR | 2025<\/h3>\n<h5><\/h5>\n<h5>Reclamos PROGRESAR( superior- IES):<\/h5>\n<div>&#8211; Reclamos para estudiantes que se anotaron en la 2da convocatoria superior: jueves 9\/10 al viernes 24\/10.<br \/>\n&#8211; Los reclamos los pueden activar las\/os estudiantes inscriptas\/os en la segunda convocatoria que no hayan sido adjudicada\/os por motivos acad\u00e9micos<br \/>\n&#8211; Para consultar el instructivo de activaci\u00f3n de reclamos hacer clic aqu\u00ed : <a href=\"https:\/\/isfd144-bue.infd.edu.ar\/sitio\/wp-content\/uploads\/2025\/10\/instructivo_reclamos_-_superior.pptx_.pdf\" target=\"_blank\" rel=\"noopener\">Instructivo reclamo activaci\u00f3n<\/a><\/div>\n<h4><\/h4>\n<p style=\"text-align: center;\">____________________________________________________<\/p>\n<div>\n<h4><b>Segunda Convocatoria 2025 de Nivel Superior &#8211; Becas Progresar<\/b><\/h4>\n<div style=\"text-align: center;\">___________________________________________________<\/div>\n<div><\/div>\n<div><b>Desde hoy 18 de agosto y hasta el 5 de septiembre las y los estudiantes del nivel superior podr\u00e1n postularse a las becas progresar.<\/b><\/div>\n<div><\/div>\n<div>Compartimos el instructivo de inscripci\u00f3n para estudiantes y un brief con informaci\u00f3n relevante.<\/div>\n<div><\/div>\n<ul>\n<li>Instructivo: <a id=\"m_-7856318477131942202m_6424624343376519161OWA3fbebe2c-118d-ced3-1ead-5c0bb863eac3\" title=\"https:\/\/www.argentina.gob.ar\/sites\/default\/files\/2025\/07\/instructivo_inscripcion_-_superior_2025.pdf\" href=\"https:\/\/www.argentina.gob.ar\/sites\/default\/files\/2025\/07\/instructivo_inscripcion_-_superior_2025.pdf\" target=\"_blank\" rel=\"noopener noreferrer\" data-saferedirecturl=\"https:\/\/www.google.com\/url?q=https:\/\/www.argentina.gob.ar\/sites\/default\/files\/2025\/07\/instructivo_inscripcion_-_superior_2025.pdf&amp;source=gmail&amp;ust=1755639288490000&amp;usg=AOvVaw0IVo4BMe1JahGCQzBgrfPr\">https:\/\/www.argentina.gob.ar\/<wbr \/>sites\/default\/files\/2025\/07\/<wbr \/>instructivo_inscripcion_-_<wbr \/>superior_2025.pdf<\/a><\/li>\n<li>Brief:\u00a0<a id=\"m_-7856318477131942202m_6424624343376519161OWA74effcae-4c85-c68b-fb0b-f0504191bed2\" title=\"https:\/\/www.argentina.gob.ar\/sites\/default\/files\/2025\/07\/brief_superior_segunda_convocatoria_2025.pdf\" href=\"https:\/\/www.argentina.gob.ar\/sites\/default\/files\/2025\/07\/brief_superior_segunda_convocatoria_2025.pdf\" target=\"_blank\" rel=\"noopener noreferrer\" data-saferedirecturl=\"https:\/\/www.google.com\/url?q=https:\/\/www.argentina.gob.ar\/sites\/default\/files\/2025\/07\/brief_superior_segunda_convocatoria_2025.pdf&amp;source=gmail&amp;ust=1755639288490000&amp;usg=AOvVaw2PbTJ1ZSZIVp6WPjwyj_e3\">https:\/\/www.argentina.<wbr \/>gob.ar\/sites\/default\/files\/<wbr \/>2025\/07\/brief_superior_<wbr \/>segunda_convocatoria_2025.pdf<\/a><\/li>\n<\/ul>\n<\/div>\n<div><\/div>\n<div><\/div>\n<div>\n<table>\n<tbody>\n<tr>\n<td>\n<div>Si los estudiantes tienen dudas al momento de inscribirse puede comunicarse a mesa de ayuda a trav\u00e9s de estos canales:<\/div>\n<ul>\n<li>\n<div role=\"presentation\">correo:\u00a0<u><a id=\"m_-7856318477131942202m_6424624343376519161OWAc19324a9-9857-090e-4694-bf9fdbc68189\" title=\"mailto:mesadeayudaprogresar@educacion.gob.ar\" href=\"mailto:mesadeayudaprogresar@educacion.gob.ar\" target=\"_blank\" rel=\"noopener\">mesadeayudaprogresar@<wbr \/>educacion.gob.ar<\/a><\/u><\/div>\n<\/li>\n<li>\n<div role=\"presentation\">tel\u00e9fono: 08009991066 o al (011)41291000 opcion1<\/div>\n<\/li>\n<\/ul>\n<\/td>\n<\/tr>\n<\/tbody>\n<\/table>\n<\/div>\n<div>\n<div><b><span class=\"gmail_default\">Condiciones\u00a0<\/span>Segunda Convocatoria:<\/b><\/div>\n<div><a id=\"m_8908532916741936754m_-8212593886917349539m_6995320385805340343m_8993474799145298701m_-5081035679843362460OWA45f37d92-ca97-fcf2-6a95-ba8d4e256952\" title=\"https:\/\/www.argentina.gob.ar\/sites\/default\/files\/2025\/07\/brief_superior_segunda_convocatoria_2025.pdf\" href=\"https:\/\/www.argentina.gob.ar\/sites\/default\/files\/2025\/07\/brief_superior_segunda_convocatoria_2025.pdf\" target=\"_blank\" rel=\"noopener noreferrer\" data-saferedirecturl=\"https:\/\/www.google.com\/url?q=https:\/\/www.argentina.gob.ar\/sites\/default\/files\/2025\/07\/brief_superior_segunda_convocatoria_2025.pdf&amp;source=gmail&amp;ust=1755890217657000&amp;usg=AOvVaw2yF3PsJ_qtLon3I9U81EIx\">https:\/\/www.argentina.gob.ar\/<wbr \/>sites\/default\/files\/2025\/07\/<wbr \/>brief_superior_segunda_<wbr \/>convocatoria_2025.pdf<\/a><\/div>\n<div><b>\u00a0<\/b><\/div>\n<div><b>Instructivo de inscripci\u00f3n para estudiantes:<\/b>\u00a0<a id=\"m_8908532916741936754m_-8212593886917349539m_6995320385805340343m_8993474799145298701m_-5081035679843362460OWAdc1628d1-0985-a931-a684-304b37210f55\" title=\"https:\/\/www.argentina.gob.ar\/sites\/default\/files\/2025\/07\/instructivo_inscripcion_-_superior_2025.pdf\" href=\"https:\/\/www.argentina.gob.ar\/sites\/default\/files\/2025\/07\/instructivo_inscripcion_-_superior_2025.pdf\" target=\"_blank\" rel=\"noopener noreferrer\" data-saferedirecturl=\"https:\/\/www.google.com\/url?q=https:\/\/www.argentina.gob.ar\/sites\/default\/files\/2025\/07\/instructivo_inscripcion_-_superior_2025.pdf&amp;source=gmail&amp;ust=1755890217657000&amp;usg=AOvVaw3Q6pflQxkSfQ1ikD0rBFtq\">https:\/\/www.<wbr \/>argentina.gob.ar\/sites\/<wbr \/>default\/files\/2025\/07\/<wbr \/>instructivo_inscripcion_-_<wbr \/>superior_2025.pdf<\/a><\/div>\n<div><b>\u00a0<\/b><\/div>\n<div><b>Link de postulaciones<span class=\"gmail_default\">\u00a0<\/span><\/b><a id=\"m_8908532916741936754m_-8212593886917349539m_6995320385805340343m_8993474799145298701m_-5081035679843362460OWA6fb23e15-e503-e2fc-6d15-307b0ec3c250\" title=\"https:\/\/www.argentina.gob.ar\/educacion\/progresar.\" href=\"https:\/\/www.argentina.gob.ar\/educacion\/progresar.\" target=\"_blank\" rel=\"noopener noreferrer\" data-saferedirecturl=\"https:\/\/www.google.com\/url?q=https:\/\/www.argentina.gob.ar\/educacion\/progresar.&amp;source=gmail&amp;ust=1755890217657000&amp;usg=AOvVaw23f55HyN8AHUm_-8Wuf17C\">https:\/\/www.<wbr \/>argentina.gob.ar\/educacion\/<wbr \/>progresar<\/a><\/div>\n<\/div>\n<div><\/div>\n<div><\/div>\n<div><\/div>\n<div><\/div>\n<div><\/div>\n<div><\/div>\n<div style=\"text-align: center;\">___________________________________________________<\/div>\n<div><\/div>\n<div>Desde el <b><i>lunes 31 de marzo hasta el 20 de abril<\/i><\/b>\u00a0estar\u00e1 abierta la inscripci\u00f3n a las <em><strong>Becas Fomento de la Educaci\u00f3n Superior y Progresar Enfermer\u00eda 2025<\/strong><\/em>.<\/div>\n<div><\/div>\n<div>La inscripci\u00f3n se realizar\u00e1 a trav\u00e9s de la <em><strong>plataforma PROGRESAR<\/strong><\/em>, pero <em><strong>es necesario estar registrado previamente <\/strong><\/em>en <em><strong>Mi Argentina<\/strong><\/em>.<\/div>\n<div><\/div>\n<div><\/div>\n<div><\/div>\n<h2>RELAMO Y CERTIFICACI\u00d3N 2025<\/h2>\n<p style=\"font-weight: 400;\">Desde el <strong>lunes 19\/5 hasta el 02\/06<\/strong>, las y los estudiantes que fueron rechazadas\/os por requisitos acad\u00e9micos tendr\u00e1n la posibilidad de realizar el reclamo correspondiente. El mismo estar\u00e1 disponible \u00fanicamente para quienes se encuentren en esa situaci\u00f3n, y permitir\u00e1 solicitar una nueva evaluaci\u00f3n de la inscripci\u00f3n.<\/p>\n<p style=\"font-weight: 400;\">Cada estudiante podr\u00e1 visualizar el resultado de su solicitud, ya sea aprobado o rechazado, junto con el motivo correspondiente. Recordamos que es fundamental tener presente el Reglamento 2025 al momento de realizar el reclamo.<\/p>\n<p>Por otra parte, desde el 26\/5 al 18\/6 estar\u00e1 habilitado el per\u00edodo de certificaci\u00f3n de los reclamos por parte de las instituciones y que es necesaria para poder brindarles respuesta de su reclamo a cada estudiante.<\/p>\n<ul>\n<li><strong>ETAPA DE RECLAMOS: 19\/5 al 02\/06<\/strong><\/li>\n<li><strong style=\"font-size: revert;\">CERTIFICACI\u00d3N: 26\/05 al 18\/06<\/strong><\/li>\n<\/ul>\n<div><\/div>\n<div><u><b>Puntos importantes a tener en cuenta:<\/b><\/u><\/p>\n<p>a) Requisitos de edad<br \/>\nb) Ingresos: En caso de necesitar realizar modificaciones, deber\u00e1n acercarse a una oficina de ANSES. Las\/os aspirantes a la beca deber\u00e1n asegurarse de que sus datos personales, los de su grupo familiar y su domicilio est\u00e9n actualizados en ANSES.<br \/>\nc) Requisitos acad\u00e9micos y regularidad<br \/>\nd) Avance en la trayectoria educativa<br \/>\ne) Condicionalidades<br \/>\nf) Monto y cuotas<\/p>\n<\/div>\n<div><\/div>\n<div><\/div>\n<div><b>Recomendaci\u00f3n:<\/b><br \/>\nUna vez que cada estudiante complete la inscripci\u00f3n, por favor guarden el comprobante por cualquier eventualidad.<\/div>\n<div><\/div>\n<div><\/div>\n<div><strong>INSTRUCTIVO inscripci\u00f3n NIVEL SUPERIOR<\/strong><\/div>\n<div><a href=\"https:\/\/isfd144-bue.infd.edu.ar\/sitio\/wp-content\/uploads\/2025\/03\/Instructivo-inscripcion-Superior-2025.pdf\">Clic aqu\u00ed para descargar INSTRUCTIVO Nivel Superior<\/a><\/div>\n<div><\/div>\n<div><\/div>\n<div><strong>REGLAMENTO GENERAL<\/strong>\u00a0 del <em><strong>\u00abPrograma de respaldo a estudiantes argentinos\u00bb (PROGRESAR) <\/strong><\/em>Fomento de la Educaci\u00f3n Superior y Progresar Enfermer\u00eda<\/div>\n<div><a href=\"https:\/\/isfd144-bue.infd.edu.ar\/sitio\/wp-content\/uploads\/2025\/03\/FOMENTO-DE-LA-EDUCACION-SUPERIOR-Y-ENFERMERIA-anexo_7332935_2.pdf\" target=\"_blank\" rel=\"noopener\">Click aqu\u00ed para descargar REGLAMENTO<\/a><\/div>\n<div><\/div>\n<div><img decoding=\"async\" loading=\"lazy\" class=\"alignnone  wp-image-2395\" src=\"https:\/\/isfd144-bue.infd.edu.ar\/sitio\/wp-content\/uploads\/2025\/03\/Brief-Progresar-Superior-2025_pages-to-jpg-0001-563x1000.jpg\" alt=\"\" width=\"470\" height=\"835\" srcset=\"https:\/\/isfd144-bue.infd.edu.ar\/sitio\/wp-content\/uploads\/2025\/03\/Brief-Progresar-Superior-2025_pages-to-jpg-0001-563x1000.jpg 563w, https:\/\/isfd144-bue.infd.edu.ar\/sitio\/wp-content\/uploads\/2025\/03\/Brief-Progresar-Superior-2025_pages-to-jpg-0001-1069x1900.jpg 1069w, https:\/\/isfd144-bue.infd.edu.ar\/sitio\/wp-content\/uploads\/2025\/03\/Brief-Progresar-Superior-2025_pages-to-jpg-0001-768x1365.jpg 768w, https:\/\/isfd144-bue.infd.edu.ar\/sitio\/wp-content\/uploads\/2025\/03\/Brief-Progresar-Superior-2025_pages-to-jpg-0001-864x1536.jpg 864w, https:\/\/isfd144-bue.infd.edu.ar\/sitio\/wp-content\/uploads\/2025\/03\/Brief-Progresar-Superior-2025_pages-to-jpg-0001-1152x2048.jpg 1152w, https:\/\/isfd144-bue.infd.edu.ar\/sitio\/wp-content\/uploads\/2025\/03\/Brief-Progresar-Superior-2025_pages-to-jpg-0001-scaled.jpg 1440w\" sizes=\"(max-width: 470px) 100vw, 470px\" \/> <img decoding=\"async\" loading=\"lazy\" class=\"alignnone  wp-image-2396\" src=\"https:\/\/isfd144-bue.infd.edu.ar\/sitio\/wp-content\/uploads\/2025\/03\/Brief-Progresar-Superior-2025_pages-to-jpg-0002-563x1000.jpg\" alt=\"\" width=\"470\" height=\"835\" srcset=\"https:\/\/isfd144-bue.infd.edu.ar\/sitio\/wp-content\/uploads\/2025\/03\/Brief-Progresar-Superior-2025_pages-to-jpg-0002-563x1000.jpg 563w, https:\/\/isfd144-bue.infd.edu.ar\/sitio\/wp-content\/uploads\/2025\/03\/Brief-Progresar-Superior-2025_pages-to-jpg-0002-1069x1900.jpg 1069w, https:\/\/isfd144-bue.infd.edu.ar\/sitio\/wp-content\/uploads\/2025\/03\/Brief-Progresar-Superior-2025_pages-to-jpg-0002-768x1365.jpg 768w, https:\/\/isfd144-bue.infd.edu.ar\/sitio\/wp-content\/uploads\/2025\/03\/Brief-Progresar-Superior-2025_pages-to-jpg-0002-864x1536.jpg 864w, https:\/\/isfd144-bue.infd.edu.ar\/sitio\/wp-content\/uploads\/2025\/03\/Brief-Progresar-Superior-2025_pages-to-jpg-0002-1152x2048.jpg 1152w, https:\/\/isfd144-bue.infd.edu.ar\/sitio\/wp-content\/uploads\/2025\/03\/Brief-Progresar-Superior-2025_pages-to-jpg-0002-scaled.jpg 1440w\" sizes=\"(max-width: 470px) 100vw, 470px\" \/> <img decoding=\"async\" loading=\"lazy\" class=\"alignnone  wp-image-2397\" src=\"https:\/\/isfd144-bue.infd.edu.ar\/sitio\/wp-content\/uploads\/2025\/03\/Brief-Progresar-Superior-2025_pages-to-jpg-0003-563x1000.jpg\" alt=\"\" width=\"473\" height=\"840\" srcset=\"https:\/\/isfd144-bue.infd.edu.ar\/sitio\/wp-content\/uploads\/2025\/03\/Brief-Progresar-Superior-2025_pages-to-jpg-0003-563x1000.jpg 563w, https:\/\/isfd144-bue.infd.edu.ar\/sitio\/wp-content\/uploads\/2025\/03\/Brief-Progresar-Superior-2025_pages-to-jpg-0003-1069x1900.jpg 1069w, https:\/\/isfd144-bue.infd.edu.ar\/sitio\/wp-content\/uploads\/2025\/03\/Brief-Progresar-Superior-2025_pages-to-jpg-0003-768x1365.jpg 768w, https:\/\/isfd144-bue.infd.edu.ar\/sitio\/wp-content\/uploads\/2025\/03\/Brief-Progresar-Superior-2025_pages-to-jpg-0003-864x1536.jpg 864w, https:\/\/isfd144-bue.infd.edu.ar\/sitio\/wp-content\/uploads\/2025\/03\/Brief-Progresar-Superior-2025_pages-to-jpg-0003-1152x2048.jpg 1152w, https:\/\/isfd144-bue.infd.edu.ar\/sitio\/wp-content\/uploads\/2025\/03\/Brief-Progresar-Superior-2025_pages-to-jpg-0003-scaled.jpg 1440w\" sizes=\"(max-width: 473px) 100vw, 473px\" \/> <img decoding=\"async\" loading=\"lazy\" class=\"alignnone size-medium wp-image-2402\" src=\"https:\/\/isfd144-bue.infd.edu.ar\/sitio\/wp-content\/uploads\/2025\/03\/Brief-Progresar-Superior-2025_pages-to-jpg-0008.jpg\" alt=\"\" width=\"1\" height=\"1\" \/> <img decoding=\"async\" loading=\"lazy\" class=\"alignnone  wp-image-2398\" src=\"https:\/\/isfd144-bue.infd.edu.ar\/sitio\/wp-content\/uploads\/2025\/03\/Brief-Progresar-Superior-2025_pages-to-jpg-0004-563x1000.jpg\" alt=\"\" width=\"480\" height=\"852\" srcset=\"https:\/\/isfd144-bue.infd.edu.ar\/sitio\/wp-content\/uploads\/2025\/03\/Brief-Progresar-Superior-2025_pages-to-jpg-0004-563x1000.jpg 563w, https:\/\/isfd144-bue.infd.edu.ar\/sitio\/wp-content\/uploads\/2025\/03\/Brief-Progresar-Superior-2025_pages-to-jpg-0004-1069x1900.jpg 1069w, https:\/\/isfd144-bue.infd.edu.ar\/sitio\/wp-content\/uploads\/2025\/03\/Brief-Progresar-Superior-2025_pages-to-jpg-0004-768x1365.jpg 768w, https:\/\/isfd144-bue.infd.edu.ar\/sitio\/wp-content\/uploads\/2025\/03\/Brief-Progresar-Superior-2025_pages-to-jpg-0004-864x1536.jpg 864w, https:\/\/isfd144-bue.infd.edu.ar\/sitio\/wp-content\/uploads\/2025\/03\/Brief-Progresar-Superior-2025_pages-to-jpg-0004-1152x2048.jpg 1152w, https:\/\/isfd144-bue.infd.edu.ar\/sitio\/wp-content\/uploads\/2025\/03\/Brief-Progresar-Superior-2025_pages-to-jpg-0004-scaled.jpg 1440w\" sizes=\"(max-width: 480px) 100vw, 480px\" \/><img decoding=\"async\" loading=\"lazy\" class=\"alignnone  wp-image-2399\" src=\"https:\/\/isfd144-bue.infd.edu.ar\/sitio\/wp-content\/uploads\/2025\/03\/Brief-Progresar-Superior-2025_pages-to-jpg-0005-563x1000.jpg\" alt=\"\" width=\"482\" height=\"856\" srcset=\"https:\/\/isfd144-bue.infd.edu.ar\/sitio\/wp-content\/uploads\/2025\/03\/Brief-Progresar-Superior-2025_pages-to-jpg-0005-563x1000.jpg 563w, https:\/\/isfd144-bue.infd.edu.ar\/sitio\/wp-content\/uploads\/2025\/03\/Brief-Progresar-Superior-2025_pages-to-jpg-0005-1069x1900.jpg 1069w, https:\/\/isfd144-bue.infd.edu.ar\/sitio\/wp-content\/uploads\/2025\/03\/Brief-Progresar-Superior-2025_pages-to-jpg-0005-768x1365.jpg 768w, https:\/\/isfd144-bue.infd.edu.ar\/sitio\/wp-content\/uploads\/2025\/03\/Brief-Progresar-Superior-2025_pages-to-jpg-0005-864x1536.jpg 864w, https:\/\/isfd144-bue.infd.edu.ar\/sitio\/wp-content\/uploads\/2025\/03\/Brief-Progresar-Superior-2025_pages-to-jpg-0005-1152x2048.jpg 1152w, https:\/\/isfd144-bue.infd.edu.ar\/sitio\/wp-content\/uploads\/2025\/03\/Brief-Progresar-Superior-2025_pages-to-jpg-0005-scaled.jpg 1440w\" sizes=\"(max-width: 482px) 100vw, 482px\" \/><img decoding=\"async\" loading=\"lazy\" class=\"alignnone size-medium wp-image-2402\" src=\"https:\/\/isfd144-bue.infd.edu.ar\/sitio\/wp-content\/uploads\/2025\/03\/Brief-Progresar-Superior-2025_pages-to-jpg-0008.jpg\" alt=\"\" width=\"1\" height=\"1\" \/><img decoding=\"async\" loading=\"lazy\" class=\"alignnone size-medium wp-image-2402\" src=\"https:\/\/isfd144-bue.infd.edu.ar\/sitio\/wp-content\/uploads\/2025\/03\/Brief-Progresar-Superior-2025_pages-to-jpg-0008.jpg\" alt=\"\" width=\"1\" height=\"1\" \/><img decoding=\"async\" loading=\"lazy\" class=\"alignnone  wp-image-2400\" src=\"https:\/\/isfd144-bue.infd.edu.ar\/sitio\/wp-content\/uploads\/2025\/03\/Brief-Progresar-Superior-2025_pages-to-jpg-0006-563x1000.jpg\" alt=\"\" width=\"480\" height=\"853\" srcset=\"https:\/\/isfd144-bue.infd.edu.ar\/sitio\/wp-content\/uploads\/2025\/03\/Brief-Progresar-Superior-2025_pages-to-jpg-0006-563x1000.jpg 563w, https:\/\/isfd144-bue.infd.edu.ar\/sitio\/wp-content\/uploads\/2025\/03\/Brief-Progresar-Superior-2025_pages-to-jpg-0006-1069x1900.jpg 1069w, https:\/\/isfd144-bue.infd.edu.ar\/sitio\/wp-content\/uploads\/2025\/03\/Brief-Progresar-Superior-2025_pages-to-jpg-0006-768x1365.jpg 768w, https:\/\/isfd144-bue.infd.edu.ar\/sitio\/wp-content\/uploads\/2025\/03\/Brief-Progresar-Superior-2025_pages-to-jpg-0006-864x1536.jpg 864w, https:\/\/isfd144-bue.infd.edu.ar\/sitio\/wp-content\/uploads\/2025\/03\/Brief-Progresar-Superior-2025_pages-to-jpg-0006-1152x2048.jpg 1152w, https:\/\/isfd144-bue.infd.edu.ar\/sitio\/wp-content\/uploads\/2025\/03\/Brief-Progresar-Superior-2025_pages-to-jpg-0006-scaled.jpg 1440w\" sizes=\"(max-width: 480px) 100vw, 480px\" \/><img decoding=\"async\" loading=\"lazy\" class=\"alignnone  wp-image-2401\" src=\"https:\/\/isfd144-bue.infd.edu.ar\/sitio\/wp-content\/uploads\/2025\/03\/Brief-Progresar-Superior-2025_pages-to-jpg-0007-563x1000.jpg\" alt=\"\" width=\"470\" height=\"835\" srcset=\"https:\/\/isfd144-bue.infd.edu.ar\/sitio\/wp-content\/uploads\/2025\/03\/Brief-Progresar-Superior-2025_pages-to-jpg-0007-563x1000.jpg 563w, https:\/\/isfd144-bue.infd.edu.ar\/sitio\/wp-content\/uploads\/2025\/03\/Brief-Progresar-Superior-2025_pages-to-jpg-0007-1069x1900.jpg 1069w, https:\/\/isfd144-bue.infd.edu.ar\/sitio\/wp-content\/uploads\/2025\/03\/Brief-Progresar-Superior-2025_pages-to-jpg-0007-768x1365.jpg 768w, https:\/\/isfd144-bue.infd.edu.ar\/sitio\/wp-content\/uploads\/2025\/03\/Brief-Progresar-Superior-2025_pages-to-jpg-0007-864x1536.jpg 864w, https:\/\/isfd144-bue.infd.edu.ar\/sitio\/wp-content\/uploads\/2025\/03\/Brief-Progresar-Superior-2025_pages-to-jpg-0007-1152x2048.jpg 1152w, https:\/\/isfd144-bue.infd.edu.ar\/sitio\/wp-content\/uploads\/2025\/03\/Brief-Progresar-Superior-2025_pages-to-jpg-0007-scaled.jpg 1440w\" sizes=\"(max-width: 470px) 100vw, 470px\" \/> <img decoding=\"async\" loading=\"lazy\" class=\"alignnone size-medium wp-image-2402\" src=\"https:\/\/isfd144-bue.infd.edu.ar\/sitio\/wp-content\/uploads\/2025\/03\/Brief-Progresar-Superior-2025_pages-to-jpg-0008.jpg\" alt=\"\" width=\"1\" height=\"1\" \/><img decoding=\"async\" loading=\"lazy\" class=\"alignnone  wp-image-2404\" src=\"https:\/\/isfd144-bue.infd.edu.ar\/sitio\/wp-content\/uploads\/2025\/03\/Brief-Progresar-Superior-2025_pages-to-jpg-0008-1-563x1000.jpg\" alt=\"\" width=\"470\" height=\"835\" srcset=\"https:\/\/isfd144-bue.infd.edu.ar\/sitio\/wp-content\/uploads\/2025\/03\/Brief-Progresar-Superior-2025_pages-to-jpg-0008-1-563x1000.jpg 563w, https:\/\/isfd144-bue.infd.edu.ar\/sitio\/wp-content\/uploads\/2025\/03\/Brief-Progresar-Superior-2025_pages-to-jpg-0008-1-1069x1900.jpg 1069w, https:\/\/isfd144-bue.infd.edu.ar\/sitio\/wp-content\/uploads\/2025\/03\/Brief-Progresar-Superior-2025_pages-to-jpg-0008-1-768x1365.jpg 768w, https:\/\/isfd144-bue.infd.edu.ar\/sitio\/wp-content\/uploads\/2025\/03\/Brief-Progresar-Superior-2025_pages-to-jpg-0008-1-864x1536.jpg 864w, https:\/\/isfd144-bue.infd.edu.ar\/sitio\/wp-content\/uploads\/2025\/03\/Brief-Progresar-Superior-2025_pages-to-jpg-0008-1-1152x2048.jpg 1152w, https:\/\/isfd144-bue.infd.edu.ar\/sitio\/wp-content\/uploads\/2025\/03\/Brief-Progresar-Superior-2025_pages-to-jpg-0008-1-scaled.jpg 1440w\" sizes=\"(max-width: 470px) 100vw, 470px\" \/><\/div>\n<div><\/div>\n<div>\u279fLink a todas las im\u00e1genes : <a href=\"https:\/\/isfd144-bue.infd.edu.ar\/sitio\/wp-content\/uploads\/2025\/03\/Brief-Progresar-Superior-2025.pdf\">click aqu\u00ed<\/a>.<\/div>\n<p>\u279fQuienes deseen inscribirse podr\u00e1n hacerlo en la web Progresar:\u00a0<a href=\"https:\/\/www.argentina.gob.ar\/educacion\/progresar\">https:\/\/www.argentina.gob.ar\/educacion\/progresar<\/a><\/p>\n<ul>\n<li>Tutorial de inscripci\u00f3n <a href=\"https:\/\/isfd144-bue.infd.edu.ar\/sitio\/wp-content\/uploads\/2024\/04\/Tutorial-de-inscripcio\u0301n-Progresar-Obligatorio.pdf\">PROGRESAR OBLIGATORIO <\/a><a href=\"https:\/\/isfd144-bue.infd.edu.ar\/sitio\/wp-content\/uploads\/2024\/04\/Tutorial-de-inscripcio\u0301n-Progresar-Obligatorio.pdf\"><img decoding=\"async\" loading=\"lazy\" class=\"alignnone wp-image-1756\" src=\"https:\/\/isfd144-bue.infd.edu.ar\/sitio\/wp-content\/uploads\/2023\/07\/59060c9a0cbeef0acff9a65d.png\" alt=\"\" width=\"20\" height=\"20\" \/><\/a>.<\/li>\n<li>Tutorial de inscripci\u00f3n <a href=\"https:\/\/isfd144-bue.infd.edu.ar\/sitio\/wp-content\/uploads\/2024\/04\/Tutorial-de-inscripcio\u0301n-Progresar-Superior.pdf\">PROGRESAR SUPERIOR <\/a><a href=\"https:\/\/isfd144-bue.infd.edu.ar\/sitio\/wp-content\/uploads\/2024\/04\/Tutorial-de-inscripcio\u0301n-Progresar-Superior.pdf\"><img decoding=\"async\" loading=\"lazy\" class=\"alignnone wp-image-1756\" src=\"https:\/\/isfd144-bue.infd.edu.ar\/sitio\/wp-content\/uploads\/2023\/07\/59060c9a0cbeef0acff9a65d.png\" alt=\"\" width=\"20\" height=\"20\" \/><\/a>.<\/li>\n<li>Tutorial de inscripci\u00f3n<a href=\"https:\/\/isfd144-bue.infd.edu.ar\/sitio\/wp-content\/uploads\/2024\/04\/Tutorial-de-inscripcio\u0301n-Progresar-Trabajo.pdf\"> PROGRESAR TRABAJO<\/a><a href=\"https:\/\/isfd144-bue.infd.edu.ar\/sitio\/wp-content\/uploads\/2024\/04\/Tutorial-de-inscripcio\u0301n-Progresar-Trabajo.pdf\"><img decoding=\"async\" loading=\"lazy\" class=\"alignnone wp-image-1756\" src=\"https:\/\/isfd144-bue.infd.edu.ar\/sitio\/wp-content\/uploads\/2023\/07\/59060c9a0cbeef0acff9a65d.png\" alt=\"\" width=\"20\" height=\"20\" \/><\/a>.<\/li>\n<\/ul>\n","protected":false},"excerpt":{"rendered":"<p>BECAS PROGRESAR | 2025 Reclamos PROGRESAR( superior- IES): &#8211; Reclamos para estudiantes que se anotaron en la 2da convocatoria superior: jueves 9\/10 al viernes 24\/10. &#8211; Los reclamos los pueden activar las\/os estudiantes inscriptas\/os en la segunda convocatoria que no hayan sido adjudicada\/os por motivos acad\u00e9micos &#8211; Para consultar el instructivo de activaci\u00f3n de reclamos &#8230; <a title=\"PROGRESAR\" class=\"read-more\" href=\"https:\/\/isfd144-bue.infd.edu.ar\/sitio\/becas-progresar\/\" aria-label=\"More on PROGRESAR\">[+]<\/a><\/p>\n","protected":false},"author":265,"featured_media":0,"parent":0,"menu_order":0,"comment_status":"closed","ping_status":"closed","template":"","meta":[],"acf":[],"_links":{"self":[{"href":"https:\/\/isfd144-bue.infd.edu.ar\/sitio\/wp-json\/wp\/v2\/pages\/792"}],"collection":[{"href":"https:\/\/isfd144-bue.infd.edu.ar\/sitio\/wp-json\/wp\/v2\/pages"}],"about":[{"href":"https:\/\/isfd144-bue.infd.edu.ar\/sitio\/wp-json\/wp\/v2\/types\/page"}],"author":[{"embeddable":true,"href":"https:\/\/isfd144-bue.infd.edu.ar\/sitio\/wp-json\/wp\/v2\/users\/265"}],"replies":[{"embeddable":true,"href":"https:\/\/isfd144-bue.infd.edu.ar\/sitio\/wp-json\/wp\/v2\/comments?post=792"}],"version-history":[{"count":25,"href":"https:\/\/isfd144-bue.infd.edu.ar\/sitio\/wp-json\/wp\/v2\/pages\/792\/revisions"}],"predecessor-version":[{"id":2615,"href":"https:\/\/isfd144-bue.infd.edu.ar\/sitio\/wp-json\/wp\/v2\/pages\/792\/revisions\/2615"}],"wp:attachment":[{"href":"https:\/\/isfd144-bue.infd.edu.ar\/sitio\/wp-json\/wp\/v2\/media?parent=792"}],"curies":[{"name":"wp","href":"https:\/\/api.w.org\/{rel}","templated":true}]}}