{"id":795,"date":"2018-08-29T15:13:42","date_gmt":"2018-08-29T18:13:42","guid":{"rendered":"https:\/\/isfd144-bue.infd.edu.ar\/sitio\/bibliotecario-escolar\/"},"modified":"2026-03-20T21:30:48","modified_gmt":"2026-03-21T00:30:48","slug":"bibliotecario-escolar","status":"publish","type":"page","link":"https:\/\/isfd144-bue.infd.edu.ar\/sitio\/bibliotecario-escolar\/","title":{"rendered":"TECNICATURA SUPERIOR EN BIBLIOTECOLOG\u00cdA DE INSTITUCIONES EDUCATIVAS"},"content":{"rendered":"<h5>\u00a0<\/h5>\n<h5>Objetivos de la carrera<\/h5>\n<ul>\n<li>Favorecer la profesionalizaci\u00f3n del futuro egresado a trav\u00e9s de una formaci\u00f3n sistem\u00e1tica promotora de acciones transformadoras y cient\u00edficamente fundadas en su desempe\u00f1o en las instituciones educativas.<\/li>\n<li>Ofrecer una visi\u00f3n actualizada de los diferentes paradigmas que constituyen el basamento te\u00f3rico de la pr\u00e1ctica profesional en bibliotecas de instituciones educativas.<\/li>\n<li>Brindar al bibliotecario escolar un espacio para reflexionar acerca de los contextos en que desempe\u00f1ar\u00e1 sus funciones, teniendo en cuenta los nuevos requerimientos de la sociedad.<\/li>\n<\/ul>\n<h2><span style=\"font-size: 14pt;\"><strong>TECNICATURA SUPERIOR EN BIBLIOTECOLOG\u00cdA DE INSTITUCIONES EDUCATIVAS &#8211; Resoluci\u00f3n N\u00ba 5498\/23<\/strong><\/span><\/h2>\n<h2><strong><span style=\"font-size: 14pt;\">TRAYECTO COM\u00daN CON LA TECNICATURA SUPERIOR EN BIBLIOTECOLOG\u00cdA (primer a\u00f1o)<\/span><\/strong><\/h2>\n<pre><b>DISE\u00d1O DE LA CARRERA:<\/b> <a href=\"https:\/\/isfd144-bue.infd.edu.ar\/sitio\/wp-content\/uploads\/2026\/03\/TS-BIE_4021-24-1.pdf\">Tecn. Sup en Bibliotecolog\u00eda de Inst Educ - Res N\u00ba 4021\/24<\/a><br \/>DISE\u00d1O DE LA CARRERA: <a href=\"https:\/\/isfd144-bue.infd.edu.ar\/sitio\/wp-content\/uploads\/2024\/08\/Bibliotecario-de-Instituciones-Educativas-Res.-119\uf02201.pdf\">RESOLUCI\u00d3N: 119\/01 (plan anterior).<\/a><\/pre>\n<div class=\"page\" title=\"Page 12\">\n<div class=\"layoutArea\">\n<div class=\"column\">\n<p><strong>IMPORTANTE<\/strong>: El ingreso a la tecnicatura requiere la aprobaci\u00f3n previa de:<\/p>\n<ul>\n<li>\n<p>Primer a\u00f1o de la carrera<\/p>\n<\/li>\n<li>\n<p><strong>T\u00edtulo docente del nivel a desempe\u00f1ar o tramo\/trayecto pedag\u00f3gico<\/strong><\/p>\n<\/li>\n<li>\n<p><span style=\"font-size: revert;\">Los alumnos <\/span><strong style=\"font-size: revert;\">NO DOCENTES<\/strong><span style=\"font-size: revert;\"> podr\u00e1n acceder a este nivel, cursando en paralelo con la carrera los espacios curriculares del \u00abCampo de la Fundamentaci\u00f3n\u00bb de primero y segundo a\u00f1o de una carrera de Formaci\u00f3n Docente de Grado que consta de seis espacios <\/span><strong style=\"font-size: revert;\">extras<\/strong><span style=\"font-size: revert;\"> detallados a continuaci\u00f3n:<\/span><\/p>\n<\/li>\n<\/ul>\n<div class=\"page\" title=\"Page 13\">\n<div class=\"layoutArea\">\n<div class=\"column\">\n<p><strong>ESTRUCTURA CURRICULAR PARA LOS ASPIRANTES NO DOCENTES<\/strong><\/p>\n<p><strong>PRIMER A\u00d1O<\/strong><\/p>\n<ul>\n<li>Pedagog\u00eda<\/li>\n<li>Problem\u00e1ticas Socio Institucionales<\/li>\n<li>Did\u00e1ctica General\u00a0<\/li>\n<\/ul>\n<p><strong>SEGUNDO A\u00d1O<\/strong><\/p>\n<ul>\n<li>Historia y Pol\u00edtica de la Educaci\u00f3n Argentina<\/li>\n<li>Ense\u00f1ar con tecnolog\u00edas<\/li>\n<li>Perspectiva acerca de los Sujetos de la Educaci\u00f3n\u00a0<\/li>\n<\/ul>\n<\/div>\n<\/div>\n<\/div>\n<\/div>\n<\/div>\n<\/div>\n\n\n<p><strong>MODALIDAD<\/strong>: Semipresencial. <\/p>\n\n\n\n<p><strong>HORARIO<\/strong>: VESPERTINO DE 18 A 23HS<\/p>\n","protected":false},"excerpt":{"rendered":"<p>\u00a0 Objetivos de la carrera Favorecer la profesionalizaci\u00f3n del futuro egresado a trav\u00e9s de una formaci\u00f3n sistem\u00e1tica promotora de acciones transformadoras y cient\u00edficamente fundadas en su desempe\u00f1o en las instituciones educativas. Ofrecer una visi\u00f3n actualizada de los diferentes paradigmas que constituyen el basamento te\u00f3rico de la pr\u00e1ctica profesional en bibliotecas de instituciones educativas. Brindar al &#8230; <a title=\"TECNICATURA SUPERIOR EN BIBLIOTECOLOG\u00cdA DE INSTITUCIONES EDUCATIVAS\" class=\"read-more\" href=\"https:\/\/isfd144-bue.infd.edu.ar\/sitio\/bibliotecario-escolar\/\" aria-label=\"More on TECNICATURA SUPERIOR EN BIBLIOTECOLOG\u00cdA DE INSTITUCIONES EDUCATIVAS\">[+]<\/a><\/p>\n","protected":false},"author":265,"featured_media":0,"parent":0,"menu_order":0,"comment_status":"closed","ping_status":"closed","template":"","meta":[],"acf":[],"_links":{"self":[{"href":"https:\/\/isfd144-bue.infd.edu.ar\/sitio\/wp-json\/wp\/v2\/pages\/795"}],"collection":[{"href":"https:\/\/isfd144-bue.infd.edu.ar\/sitio\/wp-json\/wp\/v2\/pages"}],"about":[{"href":"https:\/\/isfd144-bue.infd.edu.ar\/sitio\/wp-json\/wp\/v2\/types\/page"}],"author":[{"embeddable":true,"href":"https:\/\/isfd144-bue.infd.edu.ar\/sitio\/wp-json\/wp\/v2\/users\/265"}],"replies":[{"embeddable":true,"href":"https:\/\/isfd144-bue.infd.edu.ar\/sitio\/wp-json\/wp\/v2\/comments?post=795"}],"version-history":[{"count":19,"href":"https:\/\/isfd144-bue.infd.edu.ar\/sitio\/wp-json\/wp\/v2\/pages\/795\/revisions"}],"predecessor-version":[{"id":2706,"href":"https:\/\/isfd144-bue.infd.edu.ar\/sitio\/wp-json\/wp\/v2\/pages\/795\/revisions\/2706"}],"wp:attachment":[{"href":"https:\/\/isfd144-bue.infd.edu.ar\/sitio\/wp-json\/wp\/v2\/media?parent=795"}],"curies":[{"name":"wp","href":"https:\/\/api.w.org\/{rel}","templated":true}]}}