{"id":808,"date":"2018-08-29T15:13:47","date_gmt":"2018-08-29T18:13:47","guid":{"rendered":"https:\/\/isfd144-bue.infd.edu.ar\/sitio\/tecnicatura-superior-en-turismo\/"},"modified":"2025-03-19T15:50:16","modified_gmt":"2025-03-19T18:50:16","slug":"tecnicatura-superior-en-turismo","status":"publish","type":"page","link":"https:\/\/isfd144-bue.infd.edu.ar\/sitio\/tecnicatura-superior-en-turismo\/","title":{"rendered":"TECNICATURA SUPERIOR EN TURISMO"},"content":{"rendered":"<p>El graduado como T\u00e9cnico Superior en Turismo tendr\u00e1 habilidades para planificar, desarrollar, administrar, gestionar, participar y\/o asistir en actividades vinculadas a la log\u00edstica, procedimientos administrativos de aplicaci\u00f3n, la gesti\u00f3n de recursos econ\u00f3micos en organizaciones tur\u00edsticas del \u00e1mbito privado, p\u00fablico y organizaciones intermedias.<\/p>\n<p><strong>DURACI\u00d3N:<\/strong> 3 A\u00d1OS<\/p>\n<p><strong>MODALIDAD:<\/strong> PRESENCIAL<\/p>\n<p><strong>HORARIO:<\/strong> VESPERTINO DE 18 A 23HS<\/p>\n<p><strong>DISE\u00d1O DE LA CARRERA (PLAN VIEJO):<\/strong> <a title=\"TECNICATURA SUPERIOR EN TURISMO\" href=\"upload\/turismores280-03.pdf\" target=\"_blank\" rel=\"noopener\">Tecn. Sup. en TURISMO Resol 280\/03<\/a><\/p>\n<p><strong>DISE\u00d1O DE LA CARRERA (PLAN NUEVO): <\/strong><a href=\"https:\/\/isfd144-bue.infd.edu.ar\/sitio\/wp-content\/uploads\/2023\/03\/Diseno-Turismo-plan-nuevo.pdf\">Tecn. Sup. en Turismo Resol 2686\/20<\/a><\/p>\n","protected":false},"excerpt":{"rendered":"<p>El graduado como T\u00e9cnico Superior en Turismo tendr\u00e1 habilidades para planificar, desarrollar, administrar, gestionar, participar y\/o asistir en actividades vinculadas a la log\u00edstica, procedimientos administrativos de aplicaci\u00f3n, la gesti\u00f3n de recursos econ\u00f3micos en organizaciones tur\u00edsticas del \u00e1mbito privado, p\u00fablico y organizaciones intermedias. DURACI\u00d3N: 3 A\u00d1OS MODALIDAD: PRESENCIAL HORARIO: VESPERTINO DE 18 A 23HS DISE\u00d1O DE &#8230; <a title=\"TECNICATURA SUPERIOR EN TURISMO\" class=\"read-more\" href=\"https:\/\/isfd144-bue.infd.edu.ar\/sitio\/tecnicatura-superior-en-turismo\/\" aria-label=\"More on TECNICATURA SUPERIOR EN TURISMO\">[+]<\/a><\/p>\n","protected":false},"author":265,"featured_media":0,"parent":0,"menu_order":0,"comment_status":"closed","ping_status":"closed","template":"","meta":[],"acf":[],"_links":{"self":[{"href":"https:\/\/isfd144-bue.infd.edu.ar\/sitio\/wp-json\/wp\/v2\/pages\/808"}],"collection":[{"href":"https:\/\/isfd144-bue.infd.edu.ar\/sitio\/wp-json\/wp\/v2\/pages"}],"about":[{"href":"https:\/\/isfd144-bue.infd.edu.ar\/sitio\/wp-json\/wp\/v2\/types\/page"}],"author":[{"embeddable":true,"href":"https:\/\/isfd144-bue.infd.edu.ar\/sitio\/wp-json\/wp\/v2\/users\/265"}],"replies":[{"embeddable":true,"href":"https:\/\/isfd144-bue.infd.edu.ar\/sitio\/wp-json\/wp\/v2\/comments?post=808"}],"version-history":[{"count":5,"href":"https:\/\/isfd144-bue.infd.edu.ar\/sitio\/wp-json\/wp\/v2\/pages\/808\/revisions"}],"predecessor-version":[{"id":2367,"href":"https:\/\/isfd144-bue.infd.edu.ar\/sitio\/wp-json\/wp\/v2\/pages\/808\/revisions\/2367"}],"wp:attachment":[{"href":"https:\/\/isfd144-bue.infd.edu.ar\/sitio\/wp-json\/wp\/v2\/media?parent=808"}],"curies":[{"name":"wp","href":"https:\/\/api.w.org\/{rel}","templated":true}]}}