{"id":950,"date":"2020-03-12T21:15:25","date_gmt":"2020-03-13T00:15:25","guid":{"rendered":"https:\/\/isfd144-bue.infd.edu.ar\/sitio\/?page_id=950"},"modified":"2026-03-08T20:49:04","modified_gmt":"2026-03-08T23:49:04","slug":"horarios-2025","status":"publish","type":"page","link":"https:\/\/isfd144-bue.infd.edu.ar\/sitio\/horarios-2025\/","title":{"rendered":"HORARIOS 2026"},"content":{"rendered":"<p>TEC. SUPERIOR EN BIBLIOTECOLOG\u00cdA DE INSTITUCIONES EDUCATIVAS: <a href=\"https:\/\/isfd144-bue.infd.edu.ar\/sitio\/wp-content\/uploads\/2026\/03\/Horario-Bibliotecario-2026.docx.pdf\" target=\"_blank\" rel=\"noopener\">Click aqu\u00ed<\/a><\/p>\n<p>PROF. DE EDUCACI\u00d3N INICIAL: <a href=\"https:\/\/isfd144-bue.infd.edu.ar\/sitio\/wp-content\/uploads\/2026\/03\/Horario-Ed.-Inicial-2026.docx.pdf\" target=\"_blank\" rel=\"noopener\">Click aqu\u00ed<\/a><\/p>\n<p>PROF. DE EDUCACI\u00d3N F\u00cdSICA: <a href=\"https:\/\/isfd144-bue.infd.edu.ar\/sitio\/wp-content\/uploads\/2026\/03\/Horario-Ed.-Fisica-2026.docx.pdf\" target=\"_blank\" rel=\"noopener\">Click aqu\u00ed<\/a><\/p>\n<p>PROF. DE INGL\u00c9S: <a href=\"https:\/\/isfd144-bue.infd.edu.ar\/sitio\/wp-content\/uploads\/2026\/03\/HORARIO-INGLES-2026.docx.pdf\" target=\"_blank\" rel=\"noopener\">Click aqu\u00ed<\/a><\/p>\n<p>TEC. EN ADMINISTRACI\u00d3N DE RECURSOS HUMANOS: <a href=\"https:\/\/isfd144-bue.infd.edu.ar\/sitio\/wp-content\/uploads\/2026\/03\/Horario-RRHH-2026.docx.pdf\" target=\"_blank\" rel=\"noopener\">Click aqu\u00ed<\/a><\/p>\n<p>TEC. EN TURISMO: <a href=\"https:\/\/isfd144-bue.infd.edu.ar\/sitio\/wp-content\/uploads\/2026\/03\/Horario-Turismo-2026.docx.pdf\" target=\"_blank\" rel=\"noopener\">Click aqu\u00ed<\/a><\/p>\n","protected":false},"excerpt":{"rendered":"<p>TEC. SUPERIOR EN BIBLIOTECOLOG\u00cdA DE INSTITUCIONES EDUCATIVAS: Click aqu\u00ed PROF. DE EDUCACI\u00d3N INICIAL: Click aqu\u00ed PROF. DE EDUCACI\u00d3N F\u00cdSICA: Click aqu\u00ed PROF. DE INGL\u00c9S: Click aqu\u00ed TEC. EN ADMINISTRACI\u00d3N DE RECURSOS HUMANOS: Click aqu\u00ed TEC. EN TURISMO: Click aqu\u00ed<\/p>\n","protected":false},"author":265,"featured_media":0,"parent":0,"menu_order":0,"comment_status":"closed","ping_status":"closed","template":"","meta":[],"acf":[],"_links":{"self":[{"href":"https:\/\/isfd144-bue.infd.edu.ar\/sitio\/wp-json\/wp\/v2\/pages\/950"}],"collection":[{"href":"https:\/\/isfd144-bue.infd.edu.ar\/sitio\/wp-json\/wp\/v2\/pages"}],"about":[{"href":"https:\/\/isfd144-bue.infd.edu.ar\/sitio\/wp-json\/wp\/v2\/types\/page"}],"author":[{"embeddable":true,"href":"https:\/\/isfd144-bue.infd.edu.ar\/sitio\/wp-json\/wp\/v2\/users\/265"}],"replies":[{"embeddable":true,"href":"https:\/\/isfd144-bue.infd.edu.ar\/sitio\/wp-json\/wp\/v2\/comments?post=950"}],"version-history":[{"count":31,"href":"https:\/\/isfd144-bue.infd.edu.ar\/sitio\/wp-json\/wp\/v2\/pages\/950\/revisions"}],"predecessor-version":[{"id":2697,"href":"https:\/\/isfd144-bue.infd.edu.ar\/sitio\/wp-json\/wp\/v2\/pages\/950\/revisions\/2697"}],"wp:attachment":[{"href":"https:\/\/isfd144-bue.infd.edu.ar\/sitio\/wp-json\/wp\/v2\/media?parent=950"}],"curies":[{"name":"wp","href":"https:\/\/api.w.org\/{rel}","templated":true}]}}