{"id":964,"date":"2020-03-16T18:52:24","date_gmt":"2020-03-16T21:52:24","guid":{"rendered":"https:\/\/isfd144-bue.infd.edu.ar\/sitio\/?page_id=964"},"modified":"2024-03-15T20:45:51","modified_gmt":"2024-03-15T23:45:51","slug":"correlatividades","status":"publish","type":"page","link":"https:\/\/isfd144-bue.infd.edu.ar\/sitio\/correlatividades\/","title":{"rendered":"CORRELATIVIDADES"},"content":{"rendered":"<ul>\n<li>\n<pre>PROF. DE ED. F\u00cdSICA: <a href=\"https:\/\/isfd144-bue.infd.edu.ar\/sitio\/wp-content\/uploads\/2024\/03\/IF-2023-45624654-GDEBA-SDIFDIDGCYE-1.pdf\" target=\"_blank\" rel=\"noopener\">Click aqu\u00ed<\/a><\/pre>\n<\/li>\n<li>\n<pre>PROF. DE ED. INICIAL: <a href=\"https:\/\/isfd144-bue.infd.edu.ar\/sitio\/wp-content\/uploads\/2024\/03\/IF-2023-45620671-GDEBA-SDIFDIDGCYE-1.pdf\" target=\"_blank\" rel=\"noopener\">Click aqu\u00ed<\/a><\/pre>\n<\/li>\n<li>\n<pre>PROF. DE INGL\u00c9S: <a href=\"https:\/\/isfd144-bue.infd.edu.ar\/sitio\/wp-content\/uploads\/2024\/03\/IF-2023-45625425-GDEBA-SDIFDIDGCYE-1.pdf\" target=\"_blank\" rel=\"noopener\">Click aqu\u00ed<\/a><\/pre>\n<\/li>\n<li>\n<pre>TEC. EN ADM. DE RECURSOS HUMANOS: <a href=\"https:\/\/isfd144-bue.infd.edu.ar\/sitio\/wp-content\/uploads\/2021\/06\/RRHH.pdf\" target=\"_blank\" rel=\"noopener\">Click aqu\u00ed<\/a><\/pre>\n<\/li>\n<li>\n<pre>TEC. EN TURISMO (plan viejo): <a href=\"https:\/\/isfd144-bue.infd.edu.ar\/sitio\/wp-content\/uploads\/2021\/06\/TURISMO.pdf\" target=\"_blank\" rel=\"noopener\">Click aqu\u00ed<\/a><\/pre>\n<\/li>\n<li>\n<pre>TEC. EN TURISMO (plan nuevo): <a href=\"https:\/\/isfd144-bue.infd.edu.ar\/sitio\/wp-content\/uploads\/2024\/03\/CORRELATIVIDADES.pdf\" target=\"_blank\" rel=\"noopener\">Click aqu\u00ed<\/a><\/pre>\n<\/li>\n<li>\n<pre>BIBLIOTECARIO DE INST. EDUCATIVAS:\u00a0<a href=\"https:\/\/isfd144-bue.infd.edu.ar\/sitio\/wp-content\/uploads\/2021\/06\/BIBLIO.pdf\" target=\"_blank\" rel=\"noopener\">Click aqu\u00ed<\/a><\/pre>\n<\/li>\n<\/ul>\n","protected":false},"excerpt":{"rendered":"<p>PROF. DE ED. F\u00cdSICA: Click aqu\u00ed PROF. DE ED. INICIAL: Click aqu\u00ed PROF. DE INGL\u00c9S: Click aqu\u00ed TEC. EN ADM. DE RECURSOS HUMANOS: Click aqu\u00ed TEC. EN TURISMO (plan viejo): Click aqu\u00ed TEC. EN TURISMO (plan nuevo): Click aqu\u00ed BIBLIOTECARIO DE INST. EDUCATIVAS:\u00a0Click aqu\u00ed<\/p>\n","protected":false},"author":265,"featured_media":0,"parent":0,"menu_order":0,"comment_status":"closed","ping_status":"closed","template":"","meta":[],"acf":[],"_links":{"self":[{"href":"https:\/\/isfd144-bue.infd.edu.ar\/sitio\/wp-json\/wp\/v2\/pages\/964"}],"collection":[{"href":"https:\/\/isfd144-bue.infd.edu.ar\/sitio\/wp-json\/wp\/v2\/pages"}],"about":[{"href":"https:\/\/isfd144-bue.infd.edu.ar\/sitio\/wp-json\/wp\/v2\/types\/page"}],"author":[{"embeddable":true,"href":"https:\/\/isfd144-bue.infd.edu.ar\/sitio\/wp-json\/wp\/v2\/users\/265"}],"replies":[{"embeddable":true,"href":"https:\/\/isfd144-bue.infd.edu.ar\/sitio\/wp-json\/wp\/v2\/comments?post=964"}],"version-history":[{"count":10,"href":"https:\/\/isfd144-bue.infd.edu.ar\/sitio\/wp-json\/wp\/v2\/pages\/964\/revisions"}],"predecessor-version":[{"id":2067,"href":"https:\/\/isfd144-bue.infd.edu.ar\/sitio\/wp-json\/wp\/v2\/pages\/964\/revisions\/2067"}],"wp:attachment":[{"href":"https:\/\/isfd144-bue.infd.edu.ar\/sitio\/wp-json\/wp\/v2\/media?parent=964"}],"curies":[{"name":"wp","href":"https:\/\/api.w.org\/{rel}","templated":true}]}}